{"id":3236,"date":"2023-08-03T19:19:41","date_gmt":"2023-08-03T22:19:41","guid":{"rendered":"https:\/\/www.cindylingerie.com.ar\/?post_type=product&#038;p=3236"},"modified":"2025-12-10T10:57:43","modified_gmt":"2025-12-10T13:57:43","slug":"body-adaline","status":"publish","type":"product","link":"https:\/\/www.cindylingerie.com.ar\/index.php\/producto\/body-adaline\/","title":{"rendered":"Body Adaline"},"content":{"rendered":"<p>Body en puntilla elastizada y jacquard sobre tul. Con tazas forradas y detalle de tiras en escote.<\/p>\n","protected":false},"excerpt":{"rendered":"<p>Body en puntilla elastizada y jacquard sobre tul. Con tazas forradas y detalle de tiras en escote.<\/p>\n","protected":false},"featured_media":3389,"comment_status":"open","ping_status":"closed","template":"","meta":{"_et_pb_use_builder":"","_et_pb_old_content":"","_et_gb_content_width":"","spay_email":"","jetpack_publicize_message":"","jetpack_is_tweetstorm":false,"jetpack_publicize_feature_enabled":true},"product_cat":[34,49],"product_tag":[],"jetpack-related-posts":[{"id":5345,"url":"https:\/\/www.cindylingerie.com.ar\/index.php\/producto\/body-franchesca\/","url_meta":{"origin":3236,"position":0},"title":"Body Franchesca","date":"5 junio, 2025","format":false,"excerpt":"\ud83d\udcab Dise\u00f1ado para destacar \u2013 Body con Arco y Tazas Forradas en Algod\u00f3n Hecho a mano, pensado para vos. Este body con arco y tazas forradas en algod\u00f3n fue creado para que te sientas sujeta, c\u00f3moda y sexy sin esfuerzo.\ud83c\udf1f Edici\u00f3n artesanal limitada \u2013 \u00a1cada unidad es \u00fanica! Este body\u2026","rel":"","context":"Entrada similar","img":{"alt_text":"","src":"https:\/\/i0.wp.com\/www.cindylingerie.com.ar\/wp-content\/uploads\/2025\/06\/Tezza-6446-scaled.jpeg?fit=852%2C1200&ssl=1&resize=350%2C200","width":350,"height":200},"classes":[]},{"id":1106,"url":"https:\/\/www.cindylingerie.com.ar\/index.php\/producto\/set-sienna\/","url_meta":{"origin":3236,"position":1},"title":"Set Sienna","date":"13 marzo, 2026","format":false,"excerpt":"Conjunto taza soft tri\u00e1ngulo en una suave puntilla elastizada, bombi less regulable. C\u00f3modo delicado y sexy. \u00a0","rel":"","context":"Entrada similar","img":{"alt_text":"","src":"https:\/\/i0.wp.com\/www.cindylingerie.com.ar\/wp-content\/uploads\/2022\/01\/Tezza-8505-scaled.jpeg?fit=900%2C1200&ssl=1&resize=350%2C200","width":350,"height":200},"classes":[]},{"id":3848,"url":"https:\/\/www.cindylingerie.com.ar\/index.php\/producto\/set-jazmin\/","url_meta":{"origin":3236,"position":2},"title":"Set Jazm\u00edn","date":"5 diciembre, 2025","format":false,"excerpt":"Conjunto en puntilla elastizada con arco push up, forrado en algod\u00f3n. Bombi less regulable. C\u00f3modo y sexy como todas nuestras prendas.","rel":"","context":"Entrada similar","img":{"alt_text":"","src":"https:\/\/i0.wp.com\/www.cindylingerie.com.ar\/wp-content\/uploads\/2024\/02\/FullSizeRender_VSCO-1-scaled.jpeg?fit=848%2C1200&ssl=1&resize=350%2C200","width":350,"height":200},"classes":[]},{"id":4474,"url":"https:\/\/www.cindylingerie.com.ar\/index.php\/producto\/set-amentha\/","url_meta":{"origin":3236,"position":3},"title":"Set Amentha","date":"3 noviembre, 2025","format":false,"excerpt":"Dulzura y Elegancia: Conjunto de lencer\u00eda en puntilla elastizada Rosa Beb\u00e9. \u00bfTe gustar\u00eda sentirte especial y segura con cada detalle de tu lencer\u00eda? Este conjunto es ideal para quienes desean una lencer\u00eda que combine un toque rom\u00e1ntico con una funcionalidad que se adapta perfectamente a su cuerpo. Nuestro set Amentha\u2026","rel":"","context":"Entrada similar","img":{"alt_text":"","src":"https:\/\/i0.wp.com\/www.cindylingerie.com.ar\/wp-content\/uploads\/2025\/08\/IMG_7348.jpeg?fit=847%2C1200&ssl=1&resize=350%2C200","width":350,"height":200},"classes":[]},{"id":3105,"url":"https:\/\/www.cindylingerie.com.ar\/index.php\/producto\/carlota\/","url_meta":{"origin":3236,"position":4},"title":"Set Carlota","date":"8 marzo, 2024","format":false,"excerpt":"Conjunto en puntilla elastizada, bombi less regulable con doble tira en laterales.","rel":"","context":"Entrada similar","img":{"alt_text":"","src":"https:\/\/i0.wp.com\/www.cindylingerie.com.ar\/wp-content\/uploads\/2023\/06\/Tezza-5557-scaled.jpeg?fit=895%2C1200&ssl=1&resize=350%2C200","width":350,"height":200},"classes":[]},{"id":5113,"url":"https:\/\/www.cindylingerie.com.ar\/index.php\/producto\/set-aurora\/","url_meta":{"origin":3236,"position":5},"title":"Set Aurora","date":"29 marzo, 2023","format":false,"excerpt":"Nuestro set Aurora confeccionado en puntilla elastizada color azul francia es ligero y c\u00f3modo, perfecto para llevar todos los d\u00edas. Un dise\u00f1o cl\u00e1sico y elegante para cualquier ocasi\u00f3n, ya sea para un d\u00eda especial o para un regalo rom\u00e1ntico.","rel":"","context":"Entrada similar","img":{"alt_text":"","src":"https:\/\/i0.wp.com\/www.cindylingerie.com.ar\/wp-content\/uploads\/2025\/03\/IMG_0437-scaled.jpeg?fit=900%2C1200&ssl=1&resize=350%2C200","width":350,"height":200},"classes":[]}],"_links":{"self":[{"href":"https:\/\/www.cindylingerie.com.ar\/index.php\/wp-json\/wp\/v2\/product\/3236"}],"collection":[{"href":"https:\/\/www.cindylingerie.com.ar\/index.php\/wp-json\/wp\/v2\/product"}],"about":[{"href":"https:\/\/www.cindylingerie.com.ar\/index.php\/wp-json\/wp\/v2\/types\/product"}],"replies":[{"embeddable":true,"href":"https:\/\/www.cindylingerie.com.ar\/index.php\/wp-json\/wp\/v2\/comments?post=3236"}],"wp:featuredmedia":[{"embeddable":true,"href":"https:\/\/www.cindylingerie.com.ar\/index.php\/wp-json\/wp\/v2\/media\/3389"}],"wp:attachment":[{"href":"https:\/\/www.cindylingerie.com.ar\/index.php\/wp-json\/wp\/v2\/media?parent=3236"}],"wp:term":[{"taxonomy":"product_cat","embeddable":true,"href":"https:\/\/www.cindylingerie.com.ar\/index.php\/wp-json\/wp\/v2\/product_cat?post=3236"},{"taxonomy":"product_tag","embeddable":true,"href":"https:\/\/www.cindylingerie.com.ar\/index.php\/wp-json\/wp\/v2\/product_tag?post=3236"}],"curies":[{"name":"wp","href":"https:\/\/api.w.org\/{rel}","templated":true}]}}