{"id":3298,"date":"2025-08-18T18:41:50","date_gmt":"2025-08-18T21:41:50","guid":{"rendered":"https:\/\/www.cindylingerie.com.ar\/?post_type=product&#038;p=3298"},"modified":"2026-04-15T14:24:13","modified_gmt":"2026-04-15T17:24:13","slug":"set-blanca","status":"publish","type":"product","link":"https:\/\/www.cindylingerie.com.ar\/index.php\/producto\/set-blanca\/","title":{"rendered":"Set Blanca"},"content":{"rendered":"<p>Un set primaveral para que lleves junto a tus outfits. Un set fresco, c\u00f3modo y delicado. Color blanco forrado en un tono durazno.<\/p>\n","protected":false},"excerpt":{"rendered":"<p>Un set primaveral para que lleves junto a tus outfits. Un set fresco, c\u00f3modo y delicado. Color blanco forrado en un tono durazno.<\/p>\n","protected":false},"featured_media":5499,"comment_status":"open","ping_status":"closed","template":"","meta":{"_et_pb_use_builder":"","_et_pb_old_content":"","_et_gb_content_width":"","spay_email":"","jetpack_publicize_message":"","jetpack_is_tweetstorm":false,"jetpack_publicize_feature_enabled":true},"product_cat":[34],"product_tag":[],"jetpack-related-posts":[{"id":1404,"url":"https:\/\/www.cindylingerie.com.ar\/index.php\/producto\/set-asa\/","url_meta":{"origin":3298,"position":0},"title":"Set Asa","date":"10 mayo, 2025","format":false,"excerpt":"Cl\u00e1sico y Elegante: Conjunto Lencero con Corpi\u00f1o Forrado en Algod\u00f3n y Less Regulable \u00bfBuscas un conjunto de lencer\u00eda que combine la comodidad del algod\u00f3n con un ajuste cl\u00e1sico y sofisticado? Nuestro Set Asa es la elecci\u00f3n perfecta para quienes valoran el confort sin renunciar al estilo. El corpi\u00f1o forrado en\u2026","rel":"","context":"Entrada similar","img":{"alt_text":"","src":"https:\/\/i0.wp.com\/www.cindylingerie.com.ar\/wp-content\/uploads\/2022\/04\/DBE1E3E6-F950-4A71-A5E7-9D5C57F9D9D1-scaled.jpeg?fit=900%2C1200&ssl=1&resize=350%2C200","width":350,"height":200},"classes":[]},{"id":1106,"url":"https:\/\/www.cindylingerie.com.ar\/index.php\/producto\/set-sienna\/","url_meta":{"origin":3298,"position":1},"title":"Set Sienna","date":"13 marzo, 2026","format":false,"excerpt":"Conjunto taza soft tri\u00e1ngulo en una suave puntilla elastizada, bombi less regulable. C\u00f3modo delicado y sexy. \u00a0","rel":"","context":"Entrada similar","img":{"alt_text":"","src":"https:\/\/i0.wp.com\/www.cindylingerie.com.ar\/wp-content\/uploads\/2022\/01\/Tezza-8505-scaled.jpeg?fit=900%2C1200&ssl=1&resize=350%2C200","width":350,"height":200},"classes":[]},{"id":3848,"url":"https:\/\/www.cindylingerie.com.ar\/index.php\/producto\/set-jazmin\/","url_meta":{"origin":3298,"position":2},"title":"Set Jazm\u00edn","date":"5 diciembre, 2025","format":false,"excerpt":"Conjunto en puntilla elastizada con arco push up, forrado en algod\u00f3n. Bombi less regulable. C\u00f3modo y sexy como todas nuestras prendas.","rel":"","context":"Entrada similar","img":{"alt_text":"","src":"https:\/\/i0.wp.com\/www.cindylingerie.com.ar\/wp-content\/uploads\/2024\/02\/FullSizeRender_VSCO-1-scaled.jpeg?fit=848%2C1200&ssl=1&resize=350%2C200","width":350,"height":200},"classes":[]},{"id":5113,"url":"https:\/\/www.cindylingerie.com.ar\/index.php\/producto\/set-aurora\/","url_meta":{"origin":3298,"position":3},"title":"Set Aurora","date":"29 marzo, 2023","format":false,"excerpt":"Nuestro set Aurora confeccionado en puntilla elastizada color azul francia es ligero y c\u00f3modo, perfecto para llevar todos los d\u00edas. Un dise\u00f1o cl\u00e1sico y elegante para cualquier ocasi\u00f3n, ya sea para un d\u00eda especial o para un regalo rom\u00e1ntico.","rel":"","context":"Entrada similar","img":{"alt_text":"","src":"https:\/\/i0.wp.com\/www.cindylingerie.com.ar\/wp-content\/uploads\/2025\/03\/IMG_0437-scaled.jpeg?fit=900%2C1200&ssl=1&resize=350%2C200","width":350,"height":200},"classes":[]},{"id":5656,"url":"https:\/\/www.cindylingerie.com.ar\/index.php\/producto\/set-constanza\/","url_meta":{"origin":3298,"position":4},"title":"Set Constanza","date":"20 febrero, 2026","format":false,"excerpt":"Cada detalle de este set est\u00e1 dise\u00f1ado para realzar tu belleza natural. Confeccionado en algod\u00f3n con lycra con detalles delicados en puntilla para que te sientas segura y radiante. Acompa\u00f1ado de su less regulable.","rel":"","context":"Entrada similar","img":{"alt_text":"","src":"https:\/\/i0.wp.com\/www.cindylingerie.com.ar\/wp-content\/uploads\/2025\/09\/IMG_5921-scaled.jpeg?fit=900%2C1200&ssl=1&resize=350%2C200","width":350,"height":200},"classes":[]},{"id":4474,"url":"https:\/\/www.cindylingerie.com.ar\/index.php\/producto\/set-amentha\/","url_meta":{"origin":3298,"position":5},"title":"Set Amentha","date":"3 noviembre, 2025","format":false,"excerpt":"Dulzura y Elegancia: Conjunto de lencer\u00eda en puntilla elastizada Rosa Beb\u00e9. \u00bfTe gustar\u00eda sentirte especial y segura con cada detalle de tu lencer\u00eda? Este conjunto es ideal para quienes desean una lencer\u00eda que combine un toque rom\u00e1ntico con una funcionalidad que se adapta perfectamente a su cuerpo. Nuestro set Amentha\u2026","rel":"","context":"Entrada similar","img":{"alt_text":"","src":"https:\/\/i0.wp.com\/www.cindylingerie.com.ar\/wp-content\/uploads\/2025\/08\/IMG_7348.jpeg?fit=847%2C1200&ssl=1&resize=350%2C200","width":350,"height":200},"classes":[]}],"_links":{"self":[{"href":"https:\/\/www.cindylingerie.com.ar\/index.php\/wp-json\/wp\/v2\/product\/3298"}],"collection":[{"href":"https:\/\/www.cindylingerie.com.ar\/index.php\/wp-json\/wp\/v2\/product"}],"about":[{"href":"https:\/\/www.cindylingerie.com.ar\/index.php\/wp-json\/wp\/v2\/types\/product"}],"replies":[{"embeddable":true,"href":"https:\/\/www.cindylingerie.com.ar\/index.php\/wp-json\/wp\/v2\/comments?post=3298"}],"wp:featuredmedia":[{"embeddable":true,"href":"https:\/\/www.cindylingerie.com.ar\/index.php\/wp-json\/wp\/v2\/media\/5499"}],"wp:attachment":[{"href":"https:\/\/www.cindylingerie.com.ar\/index.php\/wp-json\/wp\/v2\/media?parent=3298"}],"wp:term":[{"taxonomy":"product_cat","embeddable":true,"href":"https:\/\/www.cindylingerie.com.ar\/index.php\/wp-json\/wp\/v2\/product_cat?post=3298"},{"taxonomy":"product_tag","embeddable":true,"href":"https:\/\/www.cindylingerie.com.ar\/index.php\/wp-json\/wp\/v2\/product_tag?post=3298"}],"curies":[{"name":"wp","href":"https:\/\/api.w.org\/{rel}","templated":true}]}}