{"id":3848,"date":"2025-12-05T20:25:45","date_gmt":"2025-12-05T23:25:45","guid":{"rendered":"https:\/\/www.cindylingerie.com.ar\/?post_type=product&#038;p=3848"},"modified":"2026-04-15T14:28:32","modified_gmt":"2026-04-15T17:28:32","slug":"set-jazmin","status":"publish","type":"product","link":"https:\/\/www.cindylingerie.com.ar\/index.php\/producto\/set-jazmin\/","title":{"rendered":"Set Jazm\u00edn"},"content":{"rendered":"<p>Conjunto en puntilla elastizada con arco push up, forrado en algod\u00f3n. Bombi less regulable. C\u00f3modo y sexy como todas nuestras prendas.<\/p>\n","protected":false},"excerpt":{"rendered":"<p>Conjunto en puntilla elastizada con arco push up, forrado en algod\u00f3n. Bombi less regulable. C\u00f3modo y sexy como todas nuestras prendas.<\/p>\n","protected":false},"featured_media":3849,"comment_status":"open","ping_status":"closed","template":"","meta":{"_et_pb_use_builder":"","_et_pb_old_content":"","_et_gb_content_width":"","spay_email":"","jetpack_publicize_message":"","jetpack_is_tweetstorm":false,"jetpack_publicize_feature_enabled":true},"product_cat":[68,34],"product_tag":[],"jetpack-related-posts":[{"id":1106,"url":"https:\/\/www.cindylingerie.com.ar\/index.php\/producto\/set-sienna\/","url_meta":{"origin":3848,"position":0},"title":"Set Sienna","date":"13 marzo, 2026","format":false,"excerpt":"Conjunto taza soft tri\u00e1ngulo en una suave puntilla elastizada, bombi less regulable. C\u00f3modo delicado y sexy. \u00a0","rel":"","context":"Entrada similar","img":{"alt_text":"","src":"https:\/\/i0.wp.com\/www.cindylingerie.com.ar\/wp-content\/uploads\/2022\/01\/Tezza-8505-scaled.jpeg?fit=900%2C1200&ssl=1&resize=350%2C200","width":350,"height":200},"classes":[]},{"id":3105,"url":"https:\/\/www.cindylingerie.com.ar\/index.php\/producto\/carlota\/","url_meta":{"origin":3848,"position":1},"title":"Set Carlota","date":"8 marzo, 2024","format":false,"excerpt":"Conjunto en puntilla elastizada, bombi less regulable con doble tira en laterales.","rel":"","context":"Entrada similar","img":{"alt_text":"","src":"https:\/\/i0.wp.com\/www.cindylingerie.com.ar\/wp-content\/uploads\/2023\/06\/Tezza-5557-scaled.jpeg?fit=895%2C1200&ssl=1&resize=350%2C200","width":350,"height":200},"classes":[]},{"id":1404,"url":"https:\/\/www.cindylingerie.com.ar\/index.php\/producto\/set-asa\/","url_meta":{"origin":3848,"position":2},"title":"Set Asa","date":"10 mayo, 2025","format":false,"excerpt":"Cl\u00e1sico y Elegante: Conjunto Lencero con Corpi\u00f1o Forrado en Algod\u00f3n y Less Regulable \u00bfBuscas un conjunto de lencer\u00eda que combine la comodidad del algod\u00f3n con un ajuste cl\u00e1sico y sofisticado? Nuestro Set Asa es la elecci\u00f3n perfecta para quienes valoran el confort sin renunciar al estilo. El corpi\u00f1o forrado en\u2026","rel":"","context":"Entrada similar","img":{"alt_text":"","src":"https:\/\/i0.wp.com\/www.cindylingerie.com.ar\/wp-content\/uploads\/2022\/04\/DBE1E3E6-F950-4A71-A5E7-9D5C57F9D9D1-scaled.jpeg?fit=900%2C1200&ssl=1&resize=350%2C200","width":350,"height":200},"classes":[]},{"id":5345,"url":"https:\/\/www.cindylingerie.com.ar\/index.php\/producto\/body-franchesca\/","url_meta":{"origin":3848,"position":3},"title":"Body Franchesca","date":"5 junio, 2025","format":false,"excerpt":"\ud83d\udcab Dise\u00f1ado para destacar \u2013 Body con Arco y Tazas Forradas en Algod\u00f3n Hecho a mano, pensado para vos. Este body con arco y tazas forradas en algod\u00f3n fue creado para que te sientas sujeta, c\u00f3moda y sexy sin esfuerzo.\ud83c\udf1f Edici\u00f3n artesanal limitada \u2013 \u00a1cada unidad es \u00fanica! Este body\u2026","rel":"","context":"Entrada similar","img":{"alt_text":"","src":"https:\/\/i0.wp.com\/www.cindylingerie.com.ar\/wp-content\/uploads\/2025\/06\/Tezza-6446-scaled.jpeg?fit=852%2C1200&ssl=1&resize=350%2C200","width":350,"height":200},"classes":[]},{"id":4474,"url":"https:\/\/www.cindylingerie.com.ar\/index.php\/producto\/set-amentha\/","url_meta":{"origin":3848,"position":4},"title":"Set Amentha","date":"3 noviembre, 2025","format":false,"excerpt":"Dulzura y Elegancia: Conjunto de lencer\u00eda en puntilla elastizada Rosa Beb\u00e9. \u00bfTe gustar\u00eda sentirte especial y segura con cada detalle de tu lencer\u00eda? Este conjunto es ideal para quienes desean una lencer\u00eda que combine un toque rom\u00e1ntico con una funcionalidad que se adapta perfectamente a su cuerpo. Nuestro set Amentha\u2026","rel":"","context":"Entrada similar","img":{"alt_text":"","src":"https:\/\/i0.wp.com\/www.cindylingerie.com.ar\/wp-content\/uploads\/2025\/08\/IMG_7348.jpeg?fit=847%2C1200&ssl=1&resize=350%2C200","width":350,"height":200},"classes":[]},{"id":2788,"url":"https:\/\/www.cindylingerie.com.ar\/index.php\/producto\/pack-classic\/","url_meta":{"origin":3848,"position":5},"title":"Pack Classic x3","date":"14 febrero, 2026","format":false,"excerpt":"Pack x 3 vedetinas less. En puntilla forradas por delante en algod\u00f3n. Suaves, delicadas y c\u00f3modas.","rel":"","context":"Entrada similar","img":{"alt_text":"","src":"https:\/\/i0.wp.com\/www.cindylingerie.com.ar\/wp-content\/uploads\/2025\/10\/IMG_5932-scaled.jpeg?fit=900%2C1200&ssl=1&resize=350%2C200","width":350,"height":200},"classes":[]}],"_links":{"self":[{"href":"https:\/\/www.cindylingerie.com.ar\/index.php\/wp-json\/wp\/v2\/product\/3848"}],"collection":[{"href":"https:\/\/www.cindylingerie.com.ar\/index.php\/wp-json\/wp\/v2\/product"}],"about":[{"href":"https:\/\/www.cindylingerie.com.ar\/index.php\/wp-json\/wp\/v2\/types\/product"}],"replies":[{"embeddable":true,"href":"https:\/\/www.cindylingerie.com.ar\/index.php\/wp-json\/wp\/v2\/comments?post=3848"}],"wp:featuredmedia":[{"embeddable":true,"href":"https:\/\/www.cindylingerie.com.ar\/index.php\/wp-json\/wp\/v2\/media\/3849"}],"wp:attachment":[{"href":"https:\/\/www.cindylingerie.com.ar\/index.php\/wp-json\/wp\/v2\/media?parent=3848"}],"wp:term":[{"taxonomy":"product_cat","embeddable":true,"href":"https:\/\/www.cindylingerie.com.ar\/index.php\/wp-json\/wp\/v2\/product_cat?post=3848"},{"taxonomy":"product_tag","embeddable":true,"href":"https:\/\/www.cindylingerie.com.ar\/index.php\/wp-json\/wp\/v2\/product_tag?post=3848"}],"curies":[{"name":"wp","href":"https:\/\/api.w.org\/{rel}","templated":true}]}}