{"id":4315,"date":"2025-06-10T10:52:13","date_gmt":"2025-06-10T13:52:13","guid":{"rendered":"https:\/\/www.cindylingerie.com.ar\/?post_type=product&#038;p=4315"},"modified":"2025-07-05T14:58:29","modified_gmt":"2025-07-05T17:58:29","slug":"less-brenda","status":"publish","type":"product","link":"https:\/\/www.cindylingerie.com.ar\/index.php\/producto\/less-brenda\/","title":{"rendered":"Less Brenda x1"},"content":{"rendered":"<p>Less para atar en cinta raso. Delicada y sexy.<\/p>\n<p>talles S, M, L y XL<\/p>\n","protected":false},"excerpt":{"rendered":"<p>Less para atar en cinta raso. Delicada y sexy. talles S, M, L y XL<\/p>\n","protected":false},"featured_media":4330,"comment_status":"open","ping_status":"closed","template":"","meta":{"_et_pb_use_builder":"","_et_pb_old_content":"","_et_gb_content_width":"","spay_email":"","jetpack_publicize_message":"","jetpack_is_tweetstorm":false,"jetpack_publicize_feature_enabled":true},"product_cat":[136,34,106],"product_tag":[],"jetpack-related-posts":[{"id":1106,"url":"https:\/\/www.cindylingerie.com.ar\/index.php\/producto\/set-sienna\/","url_meta":{"origin":4315,"position":0},"title":"Set Sienna","date":"13 marzo, 2026","format":false,"excerpt":"Conjunto taza soft tri\u00e1ngulo en una suave puntilla elastizada, bombi less regulable. C\u00f3modo delicado y sexy. \u00a0","rel":"","context":"Entrada similar","img":{"alt_text":"","src":"https:\/\/i0.wp.com\/www.cindylingerie.com.ar\/wp-content\/uploads\/2022\/01\/Tezza-8505-scaled.jpeg?fit=900%2C1200&ssl=1&resize=350%2C200","width":350,"height":200},"classes":[]},{"id":3848,"url":"https:\/\/www.cindylingerie.com.ar\/index.php\/producto\/set-jazmin\/","url_meta":{"origin":4315,"position":1},"title":"Set Jazm\u00edn","date":"5 diciembre, 2025","format":false,"excerpt":"Conjunto en puntilla elastizada con arco push up, forrado en algod\u00f3n. Bombi less regulable. C\u00f3modo y sexy como todas nuestras prendas.","rel":"","context":"Entrada similar","img":{"alt_text":"","src":"https:\/\/i0.wp.com\/www.cindylingerie.com.ar\/wp-content\/uploads\/2024\/02\/FullSizeRender_VSCO-1-scaled.jpeg?fit=848%2C1200&ssl=1&resize=350%2C200","width":350,"height":200},"classes":[]},{"id":4747,"url":"https:\/\/www.cindylingerie.com.ar\/index.php\/producto\/bikini-animal-print\/","url_meta":{"origin":4315,"position":2},"title":"Bikini Animal Print","date":"2 diciembre, 2025","format":false,"excerpt":"Nuestra bikini Animal Print est\u00e1 confeccionada en doble lycra, reversible con negra lisa. Modelo cl\u00e1sico triangulito acompa\u00f1ado de su bombacha less para atar. Tiene el\u00e1sticos internos para garantizar un calce incre\u00edble. Tu nueva bikini te est\u00e1 esperando! Son LIMITADAS. Compra ahora antes que se agoten!","rel":"","context":"Entrada similar","img":{"alt_text":"","src":"https:\/\/i0.wp.com\/www.cindylingerie.com.ar\/wp-content\/uploads\/2024\/11\/Tezza-0640-scaled.jpeg?fit=900%2C1200&ssl=1&resize=350%2C200","width":350,"height":200},"classes":[]},{"id":5280,"url":"https:\/\/www.cindylingerie.com.ar\/index.php\/producto\/set-pia\/","url_meta":{"origin":4315,"position":3},"title":"Set P\u00eda","date":"25 julio, 2025","format":false,"excerpt":"\ud83d\udc3e Instinto Salvaje \u2013 Conjunto Lencero en Microtul Animal Print Hecho a ManoCorpi\u00f1o estilo top + less regulable. Atrevido, c\u00f3modo y 100% artesanal. \u00bfSent\u00eds que la lencer\u00eda sexy no es c\u00f3moda, o que la c\u00f3moda no tiene onda?Este conjunto rompe esa regla: sensual, adaptable y hecho a mano para que\u2026","rel":"","context":"Entrada similar","img":{"alt_text":"","src":"https:\/\/i0.wp.com\/www.cindylingerie.com.ar\/wp-content\/uploads\/2025\/05\/IMG_3022-scaled.jpeg?fit=900%2C1200&ssl=1&resize=350%2C200","width":350,"height":200},"classes":[]},{"id":2788,"url":"https:\/\/www.cindylingerie.com.ar\/index.php\/producto\/pack-classic\/","url_meta":{"origin":4315,"position":4},"title":"Pack Classic x3","date":"14 febrero, 2026","format":false,"excerpt":"Pack x 3 vedetinas less. En puntilla forradas por delante en algod\u00f3n. Suaves, delicadas y c\u00f3modas.","rel":"","context":"Entrada similar","img":{"alt_text":"","src":"https:\/\/i0.wp.com\/www.cindylingerie.com.ar\/wp-content\/uploads\/2025\/10\/IMG_5932-scaled.jpeg?fit=900%2C1200&ssl=1&resize=350%2C200","width":350,"height":200},"classes":[]},{"id":5656,"url":"https:\/\/www.cindylingerie.com.ar\/index.php\/producto\/set-constanza\/","url_meta":{"origin":4315,"position":5},"title":"Set Constanza","date":"20 febrero, 2026","format":false,"excerpt":"Cada detalle de este set est\u00e1 dise\u00f1ado para realzar tu belleza natural. Confeccionado en algod\u00f3n con lycra con detalles delicados en puntilla para que te sientas segura y radiante. Acompa\u00f1ado de su less regulable.","rel":"","context":"Entrada similar","img":{"alt_text":"","src":"https:\/\/i0.wp.com\/www.cindylingerie.com.ar\/wp-content\/uploads\/2025\/09\/IMG_5921-scaled.jpeg?fit=900%2C1200&ssl=1&resize=350%2C200","width":350,"height":200},"classes":[]}],"_links":{"self":[{"href":"https:\/\/www.cindylingerie.com.ar\/index.php\/wp-json\/wp\/v2\/product\/4315"}],"collection":[{"href":"https:\/\/www.cindylingerie.com.ar\/index.php\/wp-json\/wp\/v2\/product"}],"about":[{"href":"https:\/\/www.cindylingerie.com.ar\/index.php\/wp-json\/wp\/v2\/types\/product"}],"replies":[{"embeddable":true,"href":"https:\/\/www.cindylingerie.com.ar\/index.php\/wp-json\/wp\/v2\/comments?post=4315"}],"wp:featuredmedia":[{"embeddable":true,"href":"https:\/\/www.cindylingerie.com.ar\/index.php\/wp-json\/wp\/v2\/media\/4330"}],"wp:attachment":[{"href":"https:\/\/www.cindylingerie.com.ar\/index.php\/wp-json\/wp\/v2\/media?parent=4315"}],"wp:term":[{"taxonomy":"product_cat","embeddable":true,"href":"https:\/\/www.cindylingerie.com.ar\/index.php\/wp-json\/wp\/v2\/product_cat?post=4315"},{"taxonomy":"product_tag","embeddable":true,"href":"https:\/\/www.cindylingerie.com.ar\/index.php\/wp-json\/wp\/v2\/product_tag?post=4315"}],"curies":[{"name":"wp","href":"https:\/\/api.w.org\/{rel}","templated":true}]}}