{"id":4381,"date":"2026-02-15T12:18:55","date_gmt":"2026-02-15T15:18:55","guid":{"rendered":"https:\/\/www.cindylingerie.com.ar\/?post_type=product&#038;p=4381"},"modified":"2026-03-23T09:23:52","modified_gmt":"2026-03-23T12:23:52","slug":"set-paulette","status":"publish","type":"product","link":"https:\/\/www.cindylingerie.com.ar\/index.php\/producto\/set-paulette\/","title":{"rendered":"Set Paulette"},"content":{"rendered":"<p>Encanto Sutil: Conjunto de Lencer\u00eda en Puntilla con Corpi\u00f1o Tri\u00e1ngulo y Culotte Less<\/p>\n<p>\u00bfQuieres que tu lencer\u00eda no solo sea hermosa, sino tambi\u00e9n c\u00f3moda y favorecedora? Este conjunto en puntilla, con su corpi\u00f1o tri\u00e1ngulo y culotte less, est\u00e1 dise\u00f1ado para realzar tu figura con elegancia y proporcionar un ajuste que te har\u00e1 sentir incre\u00edblemente bien.<\/p>\n<p>El Conjunto de Lencer\u00eda en Puntilla con Corpi\u00f1o Tri\u00e1ngulo y Culotte Less est\u00e1 meticulosamente dise\u00f1ado para ofrecerte una experiencia de uso excepcional. La puntilla suave a\u00f1ade un toque rom\u00e1ntico, mientras que el corpi\u00f1o tri\u00e1ngulo y el culotte less aseguran un ajuste que realza tus curvas de manera elegante. Perfecto para cualquier ocasi\u00f3n especial o para esos momentos en los que deseas sentirte \u00fanica.<\/p>\n<p><strong>\u00a1Las existencias son limitadas!<\/strong> Aprovecha y asegura tu conjunto antes de que se agote. <strong>No te quedes sin el tuyo.<\/strong><\/p>\n","protected":false},"excerpt":{"rendered":"<p>Encanto Sutil: Conjunto de Lencer\u00eda en Puntilla con Corpi\u00f1o Tri\u00e1ngulo y Culotte Less \u00bfQuieres que tu lencer\u00eda no solo sea hermosa, sino tambi\u00e9n c\u00f3moda y favorecedora? Este conjunto en puntilla, con su corpi\u00f1o tri\u00e1ngulo y culotte less, est\u00e1 dise\u00f1ado para realzar tu figura con elegancia y proporcionar un ajuste que te har\u00e1 sentir incre\u00edblemente bien. [&hellip;]<\/p>\n","protected":false},"featured_media":5340,"comment_status":"open","ping_status":"closed","template":"","meta":{"_et_pb_use_builder":"","_et_pb_old_content":"","_et_gb_content_width":"","spay_email":"","jetpack_publicize_message":"","jetpack_is_tweetstorm":false,"jetpack_publicize_feature_enabled":true},"product_cat":[34],"product_tag":[],"jetpack-related-posts":[{"id":1404,"url":"https:\/\/www.cindylingerie.com.ar\/index.php\/producto\/set-asa\/","url_meta":{"origin":4381,"position":0},"title":"Set Asa","date":"10 mayo, 2025","format":false,"excerpt":"Cl\u00e1sico y Elegante: Conjunto Lencero con Corpi\u00f1o Forrado en Algod\u00f3n y Less Regulable \u00bfBuscas un conjunto de lencer\u00eda que combine la comodidad del algod\u00f3n con un ajuste cl\u00e1sico y sofisticado? Nuestro Set Asa es la elecci\u00f3n perfecta para quienes valoran el confort sin renunciar al estilo. El corpi\u00f1o forrado en\u2026","rel":"","context":"Entrada similar","img":{"alt_text":"","src":"https:\/\/i0.wp.com\/www.cindylingerie.com.ar\/wp-content\/uploads\/2022\/04\/DBE1E3E6-F950-4A71-A5E7-9D5C57F9D9D1-scaled.jpeg?fit=900%2C1200&ssl=1&resize=350%2C200","width":350,"height":200},"classes":[]},{"id":4212,"url":"https:\/\/www.cindylingerie.com.ar\/index.php\/producto\/set-daphne\/","url_meta":{"origin":4381,"position":1},"title":"Set Daphne","date":"8 abril, 2026","format":false,"excerpt":"Conjunto Artesanal en Microtul con Flores en TerciopeloCorpi\u00f1o estilo top + less regulable. Hecho a mano. Sensualidad t\u00e1ctil. Este conjunto fue creado para que se sienta tan hermoso como se ve.\u2728 Dise\u00f1o exclusivo, edici\u00f3n limitada y 100% artesanal.Lo que ves, no se repite. Este conjunto est\u00e1 confeccionado en microtul liviano,\u2026","rel":"","context":"Entrada similar","img":{"alt_text":"","src":"https:\/\/i0.wp.com\/www.cindylingerie.com.ar\/wp-content\/uploads\/2024\/05\/IMG_9764-scaled.jpeg?fit=900%2C1200&ssl=1&resize=350%2C200","width":350,"height":200},"classes":[]},{"id":1106,"url":"https:\/\/www.cindylingerie.com.ar\/index.php\/producto\/set-sienna\/","url_meta":{"origin":4381,"position":2},"title":"Set Sienna","date":"13 marzo, 2026","format":false,"excerpt":"Conjunto taza soft tri\u00e1ngulo en una suave puntilla elastizada, bombi less regulable. C\u00f3modo delicado y sexy. \u00a0","rel":"","context":"Entrada similar","img":{"alt_text":"","src":"https:\/\/i0.wp.com\/www.cindylingerie.com.ar\/wp-content\/uploads\/2022\/01\/Tezza-8505-scaled.jpeg?fit=900%2C1200&ssl=1&resize=350%2C200","width":350,"height":200},"classes":[]},{"id":5280,"url":"https:\/\/www.cindylingerie.com.ar\/index.php\/producto\/set-pia\/","url_meta":{"origin":4381,"position":3},"title":"Set P\u00eda","date":"25 julio, 2025","format":false,"excerpt":"\ud83d\udc3e Instinto Salvaje \u2013 Conjunto Lencero en Microtul Animal Print Hecho a ManoCorpi\u00f1o estilo top + less regulable. Atrevido, c\u00f3modo y 100% artesanal. \u00bfSent\u00eds que la lencer\u00eda sexy no es c\u00f3moda, o que la c\u00f3moda no tiene onda?Este conjunto rompe esa regla: sensual, adaptable y hecho a mano para que\u2026","rel":"","context":"Entrada similar","img":{"alt_text":"","src":"https:\/\/i0.wp.com\/www.cindylingerie.com.ar\/wp-content\/uploads\/2025\/05\/IMG_3022-scaled.jpeg?fit=900%2C1200&ssl=1&resize=350%2C200","width":350,"height":200},"classes":[]},{"id":4474,"url":"https:\/\/www.cindylingerie.com.ar\/index.php\/producto\/set-amentha\/","url_meta":{"origin":4381,"position":4},"title":"Set Amentha","date":"3 noviembre, 2025","format":false,"excerpt":"Dulzura y Elegancia: Conjunto de lencer\u00eda en puntilla elastizada Rosa Beb\u00e9. \u00bfTe gustar\u00eda sentirte especial y segura con cada detalle de tu lencer\u00eda? Este conjunto es ideal para quienes desean una lencer\u00eda que combine un toque rom\u00e1ntico con una funcionalidad que se adapta perfectamente a su cuerpo. Nuestro set Amentha\u2026","rel":"","context":"Entrada similar","img":{"alt_text":"","src":"https:\/\/i0.wp.com\/www.cindylingerie.com.ar\/wp-content\/uploads\/2025\/08\/IMG_7348.jpeg?fit=847%2C1200&ssl=1&resize=350%2C200","width":350,"height":200},"classes":[]},{"id":5656,"url":"https:\/\/www.cindylingerie.com.ar\/index.php\/producto\/set-constanza\/","url_meta":{"origin":4381,"position":5},"title":"Set Constanza","date":"20 febrero, 2026","format":false,"excerpt":"Cada detalle de este set est\u00e1 dise\u00f1ado para realzar tu belleza natural. Confeccionado en algod\u00f3n con lycra con detalles delicados en puntilla para que te sientas segura y radiante. Acompa\u00f1ado de su less regulable.","rel":"","context":"Entrada similar","img":{"alt_text":"","src":"https:\/\/i0.wp.com\/www.cindylingerie.com.ar\/wp-content\/uploads\/2025\/09\/IMG_5921-scaled.jpeg?fit=900%2C1200&ssl=1&resize=350%2C200","width":350,"height":200},"classes":[]}],"_links":{"self":[{"href":"https:\/\/www.cindylingerie.com.ar\/index.php\/wp-json\/wp\/v2\/product\/4381"}],"collection":[{"href":"https:\/\/www.cindylingerie.com.ar\/index.php\/wp-json\/wp\/v2\/product"}],"about":[{"href":"https:\/\/www.cindylingerie.com.ar\/index.php\/wp-json\/wp\/v2\/types\/product"}],"replies":[{"embeddable":true,"href":"https:\/\/www.cindylingerie.com.ar\/index.php\/wp-json\/wp\/v2\/comments?post=4381"}],"wp:featuredmedia":[{"embeddable":true,"href":"https:\/\/www.cindylingerie.com.ar\/index.php\/wp-json\/wp\/v2\/media\/5340"}],"wp:attachment":[{"href":"https:\/\/www.cindylingerie.com.ar\/index.php\/wp-json\/wp\/v2\/media?parent=4381"}],"wp:term":[{"taxonomy":"product_cat","embeddable":true,"href":"https:\/\/www.cindylingerie.com.ar\/index.php\/wp-json\/wp\/v2\/product_cat?post=4381"},{"taxonomy":"product_tag","embeddable":true,"href":"https:\/\/www.cindylingerie.com.ar\/index.php\/wp-json\/wp\/v2\/product_tag?post=4381"}],"curies":[{"name":"wp","href":"https:\/\/api.w.org\/{rel}","templated":true}]}}