{"id":5280,"date":"2025-07-25T12:04:22","date_gmt":"2025-07-25T15:04:22","guid":{"rendered":"https:\/\/www.cindylingerie.com.ar\/?post_type=product&#038;p=5280"},"modified":"2026-02-22T20:45:32","modified_gmt":"2026-02-22T23:45:32","slug":"set-pia","status":"publish","type":"product","link":"https:\/\/www.cindylingerie.com.ar\/index.php\/producto\/set-pia\/","title":{"rendered":"Set P\u00eda"},"content":{"rendered":"<p data-start=\"352\" data-end=\"495\">\ud83d\udc3e <strong data-start=\"355\" data-end=\"432\">Instinto Salvaje \u2013 Conjunto Lencero en Microtul Animal Print Hecho a Mano<\/strong><br data-start=\"432\" data-end=\"435\" \/><em data-start=\"435\" data-end=\"495\">Corpi\u00f1o estilo top + less regulable. Atrevido, c\u00f3modo y 100% artesanal.<\/em><\/p>\n<p data-start=\"352\" data-end=\"495\">\u00bfSent\u00eds que la lencer\u00eda sexy no es c\u00f3moda, o que la c\u00f3moda no tiene onda?<br data-start=\"655\" data-end=\"658\" \/>Este conjunto <strong data-start=\"672\" data-end=\"691\">rompe esa regla<\/strong>: sensual, adaptable y hecho a mano para que te luzcas <em data-start=\"746\" data-end=\"749\">y<\/em> te sientas bien.<br data-start=\"766\" data-end=\"769\" \/>\u26a1 Edici\u00f3n limitada por dise\u00f1o artesanal. \u00a1Se agota r\u00e1pido!<\/p>\n<p data-start=\"352\" data-end=\"495\">Este conjunto fue dise\u00f1ado para mujeres que buscan <strong data-start=\"1562\" data-end=\"1593\">m\u00e1s actitud y menos rigidez<\/strong>.<br data-start=\"1594\" data-end=\"1597\" \/>Confeccionado en <strong data-start=\"1614\" data-end=\"1649\">microtul estampado animal print<\/strong>, aporta frescura y un efecto visual impactante. El <strong data-start=\"1701\" data-end=\"1716\">top sin aro<\/strong> brinda comodidad sin perder forma, y la <strong data-start=\"1757\" data-end=\"1808\">less regulable se adapta a tu cuerpo sin marcar<\/strong>.<br data-start=\"1809\" data-end=\"1812\" \/>Al ser hecho a mano, cada pieza tiene terminaciones \u00fanicas y pensadas para el uso real. Perfecto para usarlo para vos\u2026 o para mostrarlo.<\/p>\n<p data-start=\"352\" data-end=\"495\">\ud83d\udd25 <em data-start=\"2159\" data-end=\"2226\">Despert\u00e1 tu lado salvaje, con dise\u00f1o consciente y calce perfecto.<\/em><br data-start=\"2226\" data-end=\"2229\" \/>\ud83d\udc49 <strong data-start=\"2232\" data-end=\"2296\">Agregalo a tu carrito ahora. \u00a1Stock limitado y alta demanda!<\/strong><\/p>\n","protected":false},"excerpt":{"rendered":"<p>\ud83d\udc3e Instinto Salvaje \u2013 Conjunto Lencero en Microtul Animal Print Hecho a ManoCorpi\u00f1o estilo top + less regulable. Atrevido, c\u00f3modo y 100% artesanal. \u00bfSent\u00eds que la lencer\u00eda sexy no es c\u00f3moda, o que la c\u00f3moda no tiene onda?Este conjunto rompe esa regla: sensual, adaptable y hecho a mano para que te luzcas y te sientas [&hellip;]<\/p>\n","protected":false},"featured_media":5484,"comment_status":"open","ping_status":"closed","template":"","meta":{"_et_pb_use_builder":"","_et_pb_old_content":"","_et_gb_content_width":"","spay_email":"","jetpack_publicize_message":"","jetpack_is_tweetstorm":false,"jetpack_publicize_feature_enabled":true},"product_cat":[34],"product_tag":[],"jetpack-related-posts":[{"id":4212,"url":"https:\/\/www.cindylingerie.com.ar\/index.php\/producto\/set-daphne\/","url_meta":{"origin":5280,"position":0},"title":"Set Daphne","date":"8 abril, 2026","format":false,"excerpt":"Conjunto Artesanal en Microtul con Flores en TerciopeloCorpi\u00f1o estilo top + less regulable. Hecho a mano. Sensualidad t\u00e1ctil. Este conjunto fue creado para que se sienta tan hermoso como se ve.\u2728 Dise\u00f1o exclusivo, edici\u00f3n limitada y 100% artesanal.Lo que ves, no se repite. Este conjunto est\u00e1 confeccionado en microtul liviano,\u2026","rel":"","context":"Entrada similar","img":{"alt_text":"","src":"https:\/\/i0.wp.com\/www.cindylingerie.com.ar\/wp-content\/uploads\/2024\/05\/IMG_9764-scaled.jpeg?fit=900%2C1200&ssl=1&resize=350%2C200","width":350,"height":200},"classes":[]},{"id":4747,"url":"https:\/\/www.cindylingerie.com.ar\/index.php\/producto\/bikini-animal-print\/","url_meta":{"origin":5280,"position":1},"title":"Bikini Animal Print","date":"2 diciembre, 2025","format":false,"excerpt":"Nuestra bikini Animal Print est\u00e1 confeccionada en doble lycra, reversible con negra lisa. Modelo cl\u00e1sico triangulito acompa\u00f1ado de su bombacha less para atar. Tiene el\u00e1sticos internos para garantizar un calce incre\u00edble. Tu nueva bikini te est\u00e1 esperando! Son LIMITADAS. Compra ahora antes que se agoten!","rel":"","context":"Entrada similar","img":{"alt_text":"","src":"https:\/\/i0.wp.com\/www.cindylingerie.com.ar\/wp-content\/uploads\/2024\/11\/Tezza-0640-scaled.jpeg?fit=900%2C1200&ssl=1&resize=350%2C200","width":350,"height":200},"classes":[]},{"id":5345,"url":"https:\/\/www.cindylingerie.com.ar\/index.php\/producto\/body-franchesca\/","url_meta":{"origin":5280,"position":2},"title":"Body Franchesca","date":"5 junio, 2025","format":false,"excerpt":"\ud83d\udcab Dise\u00f1ado para destacar \u2013 Body con Arco y Tazas Forradas en Algod\u00f3n Hecho a mano, pensado para vos. Este body con arco y tazas forradas en algod\u00f3n fue creado para que te sientas sujeta, c\u00f3moda y sexy sin esfuerzo.\ud83c\udf1f Edici\u00f3n artesanal limitada \u2013 \u00a1cada unidad es \u00fanica! Este body\u2026","rel":"","context":"Entrada similar","img":{"alt_text":"","src":"https:\/\/i0.wp.com\/www.cindylingerie.com.ar\/wp-content\/uploads\/2025\/06\/Tezza-6446-scaled.jpeg?fit=852%2C1200&ssl=1&resize=350%2C200","width":350,"height":200},"classes":[]},{"id":1404,"url":"https:\/\/www.cindylingerie.com.ar\/index.php\/producto\/set-asa\/","url_meta":{"origin":5280,"position":3},"title":"Set Asa","date":"10 mayo, 2025","format":false,"excerpt":"Cl\u00e1sico y Elegante: Conjunto Lencero con Corpi\u00f1o Forrado en Algod\u00f3n y Less Regulable \u00bfBuscas un conjunto de lencer\u00eda que combine la comodidad del algod\u00f3n con un ajuste cl\u00e1sico y sofisticado? Nuestro Set Asa es la elecci\u00f3n perfecta para quienes valoran el confort sin renunciar al estilo. El corpi\u00f1o forrado en\u2026","rel":"","context":"Entrada similar","img":{"alt_text":"","src":"https:\/\/i0.wp.com\/www.cindylingerie.com.ar\/wp-content\/uploads\/2022\/04\/DBE1E3E6-F950-4A71-A5E7-9D5C57F9D9D1-scaled.jpeg?fit=900%2C1200&ssl=1&resize=350%2C200","width":350,"height":200},"classes":[]},{"id":3309,"url":"https:\/\/www.cindylingerie.com.ar\/index.php\/producto\/set-carlota-con-ligas-regulables\/","url_meta":{"origin":5280,"position":4},"title":"Set Carlota con ligas regulables","date":"18 septiembre, 2024","format":false,"excerpt":"Conjunto lencero con ligas regulables. \u00bfTu lencer\u00eda no est\u00e1 dando el impacto que deseas? Este conjunto lencero negro con ligas regulables no solo ofrece un dise\u00f1o sofisticado, sino que tambi\u00e9n proporciona un ajuste personalizado que realza tu figura con estilo y comodidad. \u00bfTe gustar\u00eda sentirte segura y deslumbrante en cada\u2026","rel":"","context":"Entrada similar","img":{"alt_text":"","src":"https:\/\/i0.wp.com\/www.cindylingerie.com.ar\/wp-content\/uploads\/2023\/09\/Tezza-6083-scaled.jpeg?fit=900%2C1200&ssl=1&resize=350%2C200","width":350,"height":200},"classes":[]},{"id":4474,"url":"https:\/\/www.cindylingerie.com.ar\/index.php\/producto\/set-amentha\/","url_meta":{"origin":5280,"position":5},"title":"Set Amentha","date":"3 noviembre, 2025","format":false,"excerpt":"Dulzura y Elegancia: Conjunto de lencer\u00eda en puntilla elastizada Rosa Beb\u00e9. \u00bfTe gustar\u00eda sentirte especial y segura con cada detalle de tu lencer\u00eda? Este conjunto es ideal para quienes desean una lencer\u00eda que combine un toque rom\u00e1ntico con una funcionalidad que se adapta perfectamente a su cuerpo. Nuestro set Amentha\u2026","rel":"","context":"Entrada similar","img":{"alt_text":"","src":"https:\/\/i0.wp.com\/www.cindylingerie.com.ar\/wp-content\/uploads\/2025\/08\/IMG_7348.jpeg?fit=847%2C1200&ssl=1&resize=350%2C200","width":350,"height":200},"classes":[]}],"_links":{"self":[{"href":"https:\/\/www.cindylingerie.com.ar\/index.php\/wp-json\/wp\/v2\/product\/5280"}],"collection":[{"href":"https:\/\/www.cindylingerie.com.ar\/index.php\/wp-json\/wp\/v2\/product"}],"about":[{"href":"https:\/\/www.cindylingerie.com.ar\/index.php\/wp-json\/wp\/v2\/types\/product"}],"replies":[{"embeddable":true,"href":"https:\/\/www.cindylingerie.com.ar\/index.php\/wp-json\/wp\/v2\/comments?post=5280"}],"wp:featuredmedia":[{"embeddable":true,"href":"https:\/\/www.cindylingerie.com.ar\/index.php\/wp-json\/wp\/v2\/media\/5484"}],"wp:attachment":[{"href":"https:\/\/www.cindylingerie.com.ar\/index.php\/wp-json\/wp\/v2\/media?parent=5280"}],"wp:term":[{"taxonomy":"product_cat","embeddable":true,"href":"https:\/\/www.cindylingerie.com.ar\/index.php\/wp-json\/wp\/v2\/product_cat?post=5280"},{"taxonomy":"product_tag","embeddable":true,"href":"https:\/\/www.cindylingerie.com.ar\/index.php\/wp-json\/wp\/v2\/product_tag?post=5280"}],"curies":[{"name":"wp","href":"https:\/\/api.w.org\/{rel}","templated":true}]}}