{"id":5417,"date":"2025-07-25T15:05:57","date_gmt":"2025-07-25T18:05:57","guid":{"rendered":"https:\/\/www.cindylingerie.com.ar\/?post_type=product&#038;p=5417"},"modified":"2026-04-15T14:19:53","modified_gmt":"2026-04-15T17:19:53","slug":"set-morley","status":"publish","type":"product","link":"https:\/\/www.cindylingerie.com.ar\/index.php\/producto\/set-morley\/","title":{"rendered":"Set Morley"},"content":{"rendered":"<p data-start=\"465\" data-end=\"730\">Conjunto cl\u00e1sico en morley con detalles que enamoran.<\/p>\n<p data-start=\"465\" data-end=\"730\">\u00bfTu caj\u00f3n de ropa interior necesita una renovaci\u00f3n urgente? \u2728<br data-start=\"528\" data-end=\"531\" \/>Este conjunto cl\u00e1sico en tela <strong data-start=\"561\" data-end=\"571\">morley<\/strong> con detalles \u00fanicos <strong data-start=\"592\" data-end=\"625\">es esa prenda vers\u00e1til y sexy<\/strong> que te hace sentir segura sin dejar de ser t\u00fa.<br data-start=\"672\" data-end=\"675\" \/>\ud83d\udea8 <em data-start=\"678\" data-end=\"727\">Edici\u00f3n limitada. Una vez que se va, no vuelve.<\/em> \ud83d\udea8<\/p>\n<p data-start=\"1392\" data-end=\"1703\">Este conjunto fue dise\u00f1ado para <strong data-start=\"1424\" data-end=\"1461\">acompa\u00f1ar tus curvas naturalmente.<\/strong> Los peque\u00f1os detalles lo hacen \u00fanico. Lo vas a querer usar todos los d\u00edas\u2026 y tambi\u00e9n en esas noches especiales.<\/p>\n<p data-start=\"1908\" data-end=\"2020\">\ud83d\udc8c <em data-start=\"1911\" data-end=\"1942\">Sentite divina desde adentro.<\/em><br data-start=\"1942\" data-end=\"1945\" \/>\ud83d\udc49 <strong data-start=\"1948\" data-end=\"1995\">Agregalo a tu carrito antes de que se agote<\/strong>. \u00a1Env\u00edos a todo el pa\u00eds!<\/p>\n","protected":false},"excerpt":{"rendered":"<p>Conjunto cl\u00e1sico en morley con detalles que enamoran. \u00bfTu caj\u00f3n de ropa interior necesita una renovaci\u00f3n urgente? \u2728Este conjunto cl\u00e1sico en tela morley con detalles \u00fanicos es esa prenda vers\u00e1til y sexy que te hace sentir segura sin dejar de ser t\u00fa.\ud83d\udea8 Edici\u00f3n limitada. Una vez que se va, no vuelve. \ud83d\udea8 Este conjunto fue [&hellip;]<\/p>\n","protected":false},"featured_media":5441,"comment_status":"open","ping_status":"closed","template":"","meta":{"_et_pb_use_builder":"","_et_pb_old_content":"","_et_gb_content_width":"","spay_email":"","jetpack_publicize_message":"","jetpack_is_tweetstorm":false,"jetpack_publicize_feature_enabled":true},"product_cat":[34],"product_tag":[],"jetpack-related-posts":[{"id":4008,"url":"https:\/\/www.cindylingerie.com.ar\/index.php\/producto\/pack-morley-x3\/","url_meta":{"origin":5417,"position":0},"title":"Pack Morley x3","date":"25 febrero, 2026","format":false,"excerpt":"Pack Morley Tus tres nuevas aliadas para acompa\u00f1arte donde sea que vayas. Regulables en g\u00e9nero Morley. Se caracterizan por se las m\u00e1s c\u00f3modas, lindas y cancheras para todos los d\u00edas. En colores beige, blanca y negra. Infaltables en tu caj\u00f3n! Edici\u00f3n LIMITADA Una vez que se agotan no vuelven a\u2026","rel":"","context":"Entrada similar","img":{"alt_text":"","src":"https:\/\/i0.wp.com\/www.cindylingerie.com.ar\/wp-content\/uploads\/2026\/02\/IMG_8466-scaled.jpeg?fit=900%2C1200&ssl=1&resize=350%2C200","width":350,"height":200},"classes":[]},{"id":5704,"url":"https:\/\/www.cindylingerie.com.ar\/index.php\/producto\/pack-morley-savage\/","url_meta":{"origin":5417,"position":1},"title":"Pack Morley Savage","date":"1 octubre, 2025","format":false,"excerpt":"","rel":"","context":"Entrada similar","img":{"alt_text":"","src":"https:\/\/i0.wp.com\/www.cindylingerie.com.ar\/wp-content\/uploads\/2025\/10\/Tezza-7629-scaled.jpeg?fit=900%2C1200&ssl=1&resize=350%2C200","width":350,"height":200},"classes":[]},{"id":5857,"url":"https:\/\/www.cindylingerie.com.ar\/index.php\/producto\/pack-dreams\/","url_meta":{"origin":5417,"position":2},"title":"Pack Dreams","date":"11 noviembre, 2025","format":false,"excerpt":"Tr\u00edo de texturas para acompa\u00f1arte todos los d\u00edas! Algod\u00f3n, Morley y Puntilla. Less regulables c\u00f3modas, lindas y delicadas Edici\u00f3n LIMITADA. Reserva tu pack y RENOVATE!","rel":"","context":"Entrada similar","img":{"alt_text":"","src":"https:\/\/i0.wp.com\/www.cindylingerie.com.ar\/wp-content\/uploads\/2025\/11\/Tezza-3039-scaled.jpeg?fit=900%2C1200&ssl=1&resize=350%2C200","width":350,"height":200},"classes":[]},{"id":1404,"url":"https:\/\/www.cindylingerie.com.ar\/index.php\/producto\/set-asa\/","url_meta":{"origin":5417,"position":3},"title":"Set Asa","date":"10 mayo, 2025","format":false,"excerpt":"Cl\u00e1sico y Elegante: Conjunto Lencero con Corpi\u00f1o Forrado en Algod\u00f3n y Less Regulable \u00bfBuscas un conjunto de lencer\u00eda que combine la comodidad del algod\u00f3n con un ajuste cl\u00e1sico y sofisticado? Nuestro Set Asa es la elecci\u00f3n perfecta para quienes valoran el confort sin renunciar al estilo. El corpi\u00f1o forrado en\u2026","rel":"","context":"Entrada similar","img":{"alt_text":"","src":"https:\/\/i0.wp.com\/www.cindylingerie.com.ar\/wp-content\/uploads\/2022\/04\/DBE1E3E6-F950-4A71-A5E7-9D5C57F9D9D1-scaled.jpeg?fit=900%2C1200&ssl=1&resize=350%2C200","width":350,"height":200},"classes":[]},{"id":4212,"url":"https:\/\/www.cindylingerie.com.ar\/index.php\/producto\/set-daphne\/","url_meta":{"origin":5417,"position":4},"title":"Set Daphne","date":"8 abril, 2026","format":false,"excerpt":"Conjunto Artesanal en Microtul con Flores en TerciopeloCorpi\u00f1o estilo top + less regulable. Hecho a mano. Sensualidad t\u00e1ctil. Este conjunto fue creado para que se sienta tan hermoso como se ve.\u2728 Dise\u00f1o exclusivo, edici\u00f3n limitada y 100% artesanal.Lo que ves, no se repite. Este conjunto est\u00e1 confeccionado en microtul liviano,\u2026","rel":"","context":"Entrada similar","img":{"alt_text":"","src":"https:\/\/i0.wp.com\/www.cindylingerie.com.ar\/wp-content\/uploads\/2024\/05\/IMG_9764-scaled.jpeg?fit=900%2C1200&ssl=1&resize=350%2C200","width":350,"height":200},"classes":[]},{"id":5656,"url":"https:\/\/www.cindylingerie.com.ar\/index.php\/producto\/set-constanza\/","url_meta":{"origin":5417,"position":5},"title":"Set Constanza","date":"20 febrero, 2026","format":false,"excerpt":"Cada detalle de este set est\u00e1 dise\u00f1ado para realzar tu belleza natural. Confeccionado en algod\u00f3n con lycra con detalles delicados en puntilla para que te sientas segura y radiante. Acompa\u00f1ado de su less regulable.","rel":"","context":"Entrada similar","img":{"alt_text":"","src":"https:\/\/i0.wp.com\/www.cindylingerie.com.ar\/wp-content\/uploads\/2025\/09\/IMG_5921-scaled.jpeg?fit=900%2C1200&ssl=1&resize=350%2C200","width":350,"height":200},"classes":[]}],"_links":{"self":[{"href":"https:\/\/www.cindylingerie.com.ar\/index.php\/wp-json\/wp\/v2\/product\/5417"}],"collection":[{"href":"https:\/\/www.cindylingerie.com.ar\/index.php\/wp-json\/wp\/v2\/product"}],"about":[{"href":"https:\/\/www.cindylingerie.com.ar\/index.php\/wp-json\/wp\/v2\/types\/product"}],"replies":[{"embeddable":true,"href":"https:\/\/www.cindylingerie.com.ar\/index.php\/wp-json\/wp\/v2\/comments?post=5417"}],"wp:featuredmedia":[{"embeddable":true,"href":"https:\/\/www.cindylingerie.com.ar\/index.php\/wp-json\/wp\/v2\/media\/5441"}],"wp:attachment":[{"href":"https:\/\/www.cindylingerie.com.ar\/index.php\/wp-json\/wp\/v2\/media?parent=5417"}],"wp:term":[{"taxonomy":"product_cat","embeddable":true,"href":"https:\/\/www.cindylingerie.com.ar\/index.php\/wp-json\/wp\/v2\/product_cat?post=5417"},{"taxonomy":"product_tag","embeddable":true,"href":"https:\/\/www.cindylingerie.com.ar\/index.php\/wp-json\/wp\/v2\/product_tag?post=5417"}],"curies":[{"name":"wp","href":"https:\/\/api.w.org\/{rel}","templated":true}]}}