{"id":5533,"date":"2024-01-28T14:56:35","date_gmt":"2024-01-28T17:56:35","guid":{"rendered":"https:\/\/www.cindylingerie.com.ar\/?post_type=product&#038;p=5533"},"modified":"2026-04-07T20:49:08","modified_gmt":"2026-04-07T23:49:08","slug":"bikini-fucsia","status":"publish","type":"product","link":"https:\/\/www.cindylingerie.com.ar\/index.php\/producto\/bikini-fucsia\/","title":{"rendered":"Bikini Fucsia"},"content":{"rendered":"","protected":false},"excerpt":{"rendered":"","protected":false},"featured_media":4901,"comment_status":"open","ping_status":"closed","template":"","meta":{"_et_pb_use_builder":"","_et_pb_old_content":"","_et_gb_content_width":"","spay_email":"","jetpack_publicize_message":"","jetpack_is_tweetstorm":false,"jetpack_publicize_feature_enabled":true},"product_cat":[116,34],"product_tag":[],"jetpack-related-posts":[{"id":4747,"url":"https:\/\/www.cindylingerie.com.ar\/index.php\/producto\/bikini-animal-print\/","url_meta":{"origin":5533,"position":0},"title":"Bikini Animal Print","date":"2 diciembre, 2025","format":false,"excerpt":"Nuestra bikini Animal Print est\u00e1 confeccionada en doble lycra, reversible con negra lisa. Modelo cl\u00e1sico triangulito acompa\u00f1ado de su bombacha less para atar. Tiene el\u00e1sticos internos para garantizar un calce incre\u00edble. Tu nueva bikini te est\u00e1 esperando! Son LIMITADAS. Compra ahora antes que se agoten!","rel":"","context":"Entrada similar","img":{"alt_text":"","src":"https:\/\/i0.wp.com\/www.cindylingerie.com.ar\/wp-content\/uploads\/2024\/11\/Tezza-0640-scaled.jpeg?fit=900%2C1200&ssl=1&resize=350%2C200","width":350,"height":200},"classes":[]},{"id":6065,"url":"https:\/\/www.cindylingerie.com.ar\/index.php\/producto\/bikini-arena\/","url_meta":{"origin":5533,"position":1},"title":"Bikini Arena","date":"13 enero, 2026","format":false,"excerpt":"","rel":"","context":"Entrada similar","img":{"alt_text":"","src":"https:\/\/i0.wp.com\/www.cindylingerie.com.ar\/wp-content\/uploads\/2026\/01\/IMG_4579-scaled.jpeg?fit=900%2C1200&ssl=1&resize=350%2C200","width":350,"height":200},"classes":[]},{"id":6210,"url":"https:\/\/www.cindylingerie.com.ar\/index.php\/producto\/bikini-bianca\/","url_meta":{"origin":5533,"position":2},"title":"Bikini Bianca","date":"18 febrero, 2026","format":false,"excerpt":"","rel":"","context":"Entrada similar","img":{"alt_text":"","src":"https:\/\/i0.wp.com\/www.cindylingerie.com.ar\/wp-content\/uploads\/2026\/02\/IMG_5702-scaled.jpeg?fit=900%2C1200&ssl=1&resize=350%2C200","width":350,"height":200},"classes":[]},{"id":6021,"url":"https:\/\/www.cindylingerie.com.ar\/index.php\/producto\/bikini-rio\/","url_meta":{"origin":5533,"position":3},"title":"Bikini R\u00edo","date":"8 enero, 2026","format":false,"excerpt":"","rel":"","context":"Entrada similar","img":{"alt_text":"","src":"https:\/\/i0.wp.com\/www.cindylingerie.com.ar\/wp-content\/uploads\/2026\/01\/IMG_4318-1-scaled.jpeg?fit=900%2C1200&ssl=1&resize=350%2C200","width":350,"height":200},"classes":[]},{"id":6197,"url":"https:\/\/www.cindylingerie.com.ar\/index.php\/producto\/bikini-rita\/","url_meta":{"origin":5533,"position":4},"title":"Bikini Rita","date":"10 febrero, 2026","format":false,"excerpt":"","rel":"","context":"Entrada similar","img":{"alt_text":"","src":"https:\/\/i0.wp.com\/www.cindylingerie.com.ar\/wp-content\/uploads\/2026\/02\/IMG_5546-scaled.jpeg?fit=900%2C1200&ssl=1&resize=350%2C200","width":350,"height":200},"classes":[]},{"id":5609,"url":"https:\/\/www.cindylingerie.com.ar\/index.php\/producto\/bikini-tulum\/","url_meta":{"origin":5533,"position":5},"title":"Bikini Tulum","date":"2 enero, 2024","format":false,"excerpt":"","rel":"","context":"Entrada similar","img":{"alt_text":"","src":"https:\/\/i0.wp.com\/www.cindylingerie.com.ar\/wp-content\/uploads\/2025\/08\/IMG_7671-scaled.jpeg?fit=900%2C1200&ssl=1&resize=350%2C200","width":350,"height":200},"classes":[]}],"_links":{"self":[{"href":"https:\/\/www.cindylingerie.com.ar\/index.php\/wp-json\/wp\/v2\/product\/5533"}],"collection":[{"href":"https:\/\/www.cindylingerie.com.ar\/index.php\/wp-json\/wp\/v2\/product"}],"about":[{"href":"https:\/\/www.cindylingerie.com.ar\/index.php\/wp-json\/wp\/v2\/types\/product"}],"replies":[{"embeddable":true,"href":"https:\/\/www.cindylingerie.com.ar\/index.php\/wp-json\/wp\/v2\/comments?post=5533"}],"wp:featuredmedia":[{"embeddable":true,"href":"https:\/\/www.cindylingerie.com.ar\/index.php\/wp-json\/wp\/v2\/media\/4901"}],"wp:attachment":[{"href":"https:\/\/www.cindylingerie.com.ar\/index.php\/wp-json\/wp\/v2\/media?parent=5533"}],"wp:term":[{"taxonomy":"product_cat","embeddable":true,"href":"https:\/\/www.cindylingerie.com.ar\/index.php\/wp-json\/wp\/v2\/product_cat?post=5533"},{"taxonomy":"product_tag","embeddable":true,"href":"https:\/\/www.cindylingerie.com.ar\/index.php\/wp-json\/wp\/v2\/product_tag?post=5533"}],"curies":[{"name":"wp","href":"https:\/\/api.w.org\/{rel}","templated":true}]}}