{"id":5656,"date":"2026-02-20T11:28:54","date_gmt":"2026-02-20T14:28:54","guid":{"rendered":"https:\/\/www.cindylingerie.com.ar\/?post_type=product&#038;p=5656"},"modified":"2026-04-15T14:18:21","modified_gmt":"2026-04-15T17:18:21","slug":"set-constanza","status":"publish","type":"product","link":"https:\/\/www.cindylingerie.com.ar\/index.php\/producto\/set-constanza\/","title":{"rendered":"Set Constanza"},"content":{"rendered":"<p>Cada detalle de este set est\u00e1 dise\u00f1ado para realzar tu belleza natural.<br \/>\nConfeccionado en algod\u00f3n con lycra con detalles delicados en puntilla para que te sientas segura y radiante.<br \/>\nAcompa\u00f1ado de su less regulable.<\/p>\n","protected":false},"excerpt":{"rendered":"<p>Cada detalle de este set est\u00e1 dise\u00f1ado para realzar tu belleza natural. Confeccionado en algod\u00f3n con lycra con detalles delicados en puntilla para que te sientas segura y radiante. Acompa\u00f1ado de su less regulable.<\/p>\n","protected":false},"featured_media":6247,"comment_status":"open","ping_status":"closed","template":"","meta":{"_et_pb_use_builder":"","_et_pb_old_content":"","_et_gb_content_width":"","spay_email":"","jetpack_publicize_message":"","jetpack_is_tweetstorm":false,"jetpack_publicize_feature_enabled":true},"product_cat":[34],"product_tag":[],"jetpack-related-posts":[{"id":5417,"url":"https:\/\/www.cindylingerie.com.ar\/index.php\/producto\/set-morley\/","url_meta":{"origin":5656,"position":0},"title":"Set Morley","date":"25 julio, 2025","format":false,"excerpt":"Conjunto cl\u00e1sico en morley con detalles que enamoran. \u00bfTu caj\u00f3n de ropa interior necesita una renovaci\u00f3n urgente? \u2728Este conjunto cl\u00e1sico en tela morley con detalles \u00fanicos es esa prenda vers\u00e1til y sexy que te hace sentir segura sin dejar de ser t\u00fa.\ud83d\udea8 Edici\u00f3n limitada. Una vez que se va, no\u2026","rel":"","context":"Entrada similar","img":{"alt_text":"","src":"https:\/\/i0.wp.com\/www.cindylingerie.com.ar\/wp-content\/uploads\/2025\/06\/Tezza-2552-scaled.jpeg?fit=900%2C1200&ssl=1&resize=350%2C200","width":350,"height":200},"classes":[]},{"id":4212,"url":"https:\/\/www.cindylingerie.com.ar\/index.php\/producto\/set-daphne\/","url_meta":{"origin":5656,"position":1},"title":"Set Daphne","date":"8 abril, 2026","format":false,"excerpt":"Conjunto Artesanal en Microtul con Flores en TerciopeloCorpi\u00f1o estilo top + less regulable. Hecho a mano. Sensualidad t\u00e1ctil. Este conjunto fue creado para que se sienta tan hermoso como se ve.\u2728 Dise\u00f1o exclusivo, edici\u00f3n limitada y 100% artesanal.Lo que ves, no se repite. Este conjunto est\u00e1 confeccionado en microtul liviano,\u2026","rel":"","context":"Entrada similar","img":{"alt_text":"","src":"https:\/\/i0.wp.com\/www.cindylingerie.com.ar\/wp-content\/uploads\/2024\/05\/IMG_9764-scaled.jpeg?fit=900%2C1200&ssl=1&resize=350%2C200","width":350,"height":200},"classes":[]},{"id":4474,"url":"https:\/\/www.cindylingerie.com.ar\/index.php\/producto\/set-amentha\/","url_meta":{"origin":5656,"position":2},"title":"Set Amentha","date":"3 noviembre, 2025","format":false,"excerpt":"Dulzura y Elegancia: Conjunto de lencer\u00eda en puntilla elastizada Rosa Beb\u00e9. \u00bfTe gustar\u00eda sentirte especial y segura con cada detalle de tu lencer\u00eda? Este conjunto es ideal para quienes desean una lencer\u00eda que combine un toque rom\u00e1ntico con una funcionalidad que se adapta perfectamente a su cuerpo. Nuestro set Amentha\u2026","rel":"","context":"Entrada similar","img":{"alt_text":"","src":"https:\/\/i0.wp.com\/www.cindylingerie.com.ar\/wp-content\/uploads\/2025\/08\/IMG_7348.jpeg?fit=847%2C1200&ssl=1&resize=350%2C200","width":350,"height":200},"classes":[]},{"id":1404,"url":"https:\/\/www.cindylingerie.com.ar\/index.php\/producto\/set-asa\/","url_meta":{"origin":5656,"position":3},"title":"Set Asa","date":"10 mayo, 2025","format":false,"excerpt":"Cl\u00e1sico y Elegante: Conjunto Lencero con Corpi\u00f1o Forrado en Algod\u00f3n y Less Regulable \u00bfBuscas un conjunto de lencer\u00eda que combine la comodidad del algod\u00f3n con un ajuste cl\u00e1sico y sofisticado? Nuestro Set Asa es la elecci\u00f3n perfecta para quienes valoran el confort sin renunciar al estilo. El corpi\u00f1o forrado en\u2026","rel":"","context":"Entrada similar","img":{"alt_text":"","src":"https:\/\/i0.wp.com\/www.cindylingerie.com.ar\/wp-content\/uploads\/2022\/04\/DBE1E3E6-F950-4A71-A5E7-9D5C57F9D9D1-scaled.jpeg?fit=900%2C1200&ssl=1&resize=350%2C200","width":350,"height":200},"classes":[]},{"id":3309,"url":"https:\/\/www.cindylingerie.com.ar\/index.php\/producto\/set-carlota-con-ligas-regulables\/","url_meta":{"origin":5656,"position":4},"title":"Set Carlota con ligas regulables","date":"18 septiembre, 2024","format":false,"excerpt":"Conjunto lencero con ligas regulables. \u00bfTu lencer\u00eda no est\u00e1 dando el impacto que deseas? Este conjunto lencero negro con ligas regulables no solo ofrece un dise\u00f1o sofisticado, sino que tambi\u00e9n proporciona un ajuste personalizado que realza tu figura con estilo y comodidad. \u00bfTe gustar\u00eda sentirte segura y deslumbrante en cada\u2026","rel":"","context":"Entrada similar","img":{"alt_text":"","src":"https:\/\/i0.wp.com\/www.cindylingerie.com.ar\/wp-content\/uploads\/2023\/09\/Tezza-6083-scaled.jpeg?fit=900%2C1200&ssl=1&resize=350%2C200","width":350,"height":200},"classes":[]},{"id":3298,"url":"https:\/\/www.cindylingerie.com.ar\/index.php\/producto\/set-blanca\/","url_meta":{"origin":5656,"position":5},"title":"Set Blanca","date":"18 agosto, 2025","format":false,"excerpt":"Un set primaveral para que lleves junto a tus outfits. Un set fresco, c\u00f3modo y delicado. Color blanco forrado en un tono durazno.","rel":"","context":"Entrada similar","img":{"alt_text":"","src":"https:\/\/i0.wp.com\/www.cindylingerie.com.ar\/wp-content\/uploads\/2025\/05\/IMG_5216-scaled.jpeg?fit=900%2C1200&ssl=1&resize=350%2C200","width":350,"height":200},"classes":[]}],"_links":{"self":[{"href":"https:\/\/www.cindylingerie.com.ar\/index.php\/wp-json\/wp\/v2\/product\/5656"}],"collection":[{"href":"https:\/\/www.cindylingerie.com.ar\/index.php\/wp-json\/wp\/v2\/product"}],"about":[{"href":"https:\/\/www.cindylingerie.com.ar\/index.php\/wp-json\/wp\/v2\/types\/product"}],"replies":[{"embeddable":true,"href":"https:\/\/www.cindylingerie.com.ar\/index.php\/wp-json\/wp\/v2\/comments?post=5656"}],"wp:featuredmedia":[{"embeddable":true,"href":"https:\/\/www.cindylingerie.com.ar\/index.php\/wp-json\/wp\/v2\/media\/6247"}],"wp:attachment":[{"href":"https:\/\/www.cindylingerie.com.ar\/index.php\/wp-json\/wp\/v2\/media?parent=5656"}],"wp:term":[{"taxonomy":"product_cat","embeddable":true,"href":"https:\/\/www.cindylingerie.com.ar\/index.php\/wp-json\/wp\/v2\/product_cat?post=5656"},{"taxonomy":"product_tag","embeddable":true,"href":"https:\/\/www.cindylingerie.com.ar\/index.php\/wp-json\/wp\/v2\/product_tag?post=5656"}],"curies":[{"name":"wp","href":"https:\/\/api.w.org\/{rel}","templated":true}]}}