{"id":5704,"date":"2025-10-01T11:48:04","date_gmt":"2025-10-01T14:48:04","guid":{"rendered":"https:\/\/www.cindylingerie.com.ar\/?post_type=product&#038;p=5704"},"modified":"2026-02-27T16:23:41","modified_gmt":"2026-02-27T19:23:41","slug":"pack-morley-savage","status":"publish","type":"product","link":"https:\/\/www.cindylingerie.com.ar\/index.php\/producto\/pack-morley-savage\/","title":{"rendered":"Pack Morley Savage"},"content":{"rendered":"","protected":false},"excerpt":{"rendered":"","protected":false},"featured_media":5750,"comment_status":"open","ping_status":"closed","template":"","meta":{"_et_pb_use_builder":"","_et_pb_old_content":"","_et_gb_content_width":"","spay_email":"","jetpack_publicize_message":"","jetpack_is_tweetstorm":false,"jetpack_publicize_feature_enabled":true},"product_cat":[34,106],"product_tag":[],"jetpack-related-posts":[{"id":4008,"url":"https:\/\/www.cindylingerie.com.ar\/index.php\/producto\/pack-morley-x3\/","url_meta":{"origin":5704,"position":0},"title":"Pack Morley x3","date":"25 febrero, 2026","format":false,"excerpt":"Pack Morley Tus tres nuevas aliadas para acompa\u00f1arte donde sea que vayas. Regulables en g\u00e9nero Morley. Se caracterizan por se las m\u00e1s c\u00f3modas, lindas y cancheras para todos los d\u00edas. En colores beige, blanca y negra. Infaltables en tu caj\u00f3n! Edici\u00f3n LIMITADA Una vez que se agotan no vuelven a\u2026","rel":"","context":"Entrada similar","img":{"alt_text":"","src":"https:\/\/i0.wp.com\/www.cindylingerie.com.ar\/wp-content\/uploads\/2026\/02\/IMG_8466-scaled.jpeg?fit=900%2C1200&ssl=1&resize=350%2C200","width":350,"height":200},"classes":[]},{"id":5857,"url":"https:\/\/www.cindylingerie.com.ar\/index.php\/producto\/pack-dreams\/","url_meta":{"origin":5704,"position":1},"title":"Pack Dreams","date":"11 noviembre, 2025","format":false,"excerpt":"Tr\u00edo de texturas para acompa\u00f1arte todos los d\u00edas! Algod\u00f3n, Morley y Puntilla. Less regulables c\u00f3modas, lindas y delicadas Edici\u00f3n LIMITADA. Reserva tu pack y RENOVATE!","rel":"","context":"Entrada similar","img":{"alt_text":"","src":"https:\/\/i0.wp.com\/www.cindylingerie.com.ar\/wp-content\/uploads\/2025\/11\/Tezza-3039-scaled.jpeg?fit=900%2C1200&ssl=1&resize=350%2C200","width":350,"height":200},"classes":[]},{"id":5417,"url":"https:\/\/www.cindylingerie.com.ar\/index.php\/producto\/set-morley\/","url_meta":{"origin":5704,"position":2},"title":"Set Morley","date":"25 julio, 2025","format":false,"excerpt":"Conjunto cl\u00e1sico en morley con detalles que enamoran. \u00bfTu caj\u00f3n de ropa interior necesita una renovaci\u00f3n urgente? \u2728Este conjunto cl\u00e1sico en tela morley con detalles \u00fanicos es esa prenda vers\u00e1til y sexy que te hace sentir segura sin dejar de ser t\u00fa.\ud83d\udea8 Edici\u00f3n limitada. Una vez que se va, no\u2026","rel":"","context":"Entrada similar","img":{"alt_text":"","src":"https:\/\/i0.wp.com\/www.cindylingerie.com.ar\/wp-content\/uploads\/2025\/06\/Tezza-2552-scaled.jpeg?fit=900%2C1200&ssl=1&resize=350%2C200","width":350,"height":200},"classes":[]},{"id":6252,"url":"https:\/\/www.cindylingerie.com.ar\/index.php\/producto\/pack-annelise\/","url_meta":{"origin":5704,"position":3},"title":"Pack Annelise","date":"27 febrero, 2026","format":false,"excerpt":"Pack por 3 less regulables en puntilla y algod\u00f3n.","rel":"","context":"Entrada similar","img":{"alt_text":"","src":"https:\/\/i0.wp.com\/www.cindylingerie.com.ar\/wp-content\/uploads\/2026\/02\/IMG_6039-scaled.jpeg?fit=900%2C1200&ssl=1&resize=350%2C200","width":350,"height":200},"classes":[]},{"id":5738,"url":"https:\/\/www.cindylingerie.com.ar\/index.php\/producto\/pack-comfy\/","url_meta":{"origin":5704,"position":4},"title":"Pack Comfy","date":"13 octubre, 2025","format":false,"excerpt":"Pack x 3 less regulables en algod\u00f3n con lycra. Cl\u00e1sicas con toda la onda dise\u00f1adas para acompa\u00f1arte todos los d\u00edas.","rel":"","context":"Entrada similar","img":{"alt_text":"","src":"https:\/\/i0.wp.com\/www.cindylingerie.com.ar\/wp-content\/uploads\/2025\/10\/Tezza-7854-scaled.jpeg?fit=900%2C1200&ssl=1&resize=350%2C200","width":350,"height":200},"classes":[]},{"id":2788,"url":"https:\/\/www.cindylingerie.com.ar\/index.php\/producto\/pack-classic\/","url_meta":{"origin":5704,"position":5},"title":"Pack Classic x3","date":"14 febrero, 2026","format":false,"excerpt":"Pack x 3 vedetinas less. En puntilla forradas por delante en algod\u00f3n. Suaves, delicadas y c\u00f3modas.","rel":"","context":"Entrada similar","img":{"alt_text":"","src":"https:\/\/i0.wp.com\/www.cindylingerie.com.ar\/wp-content\/uploads\/2025\/10\/IMG_5932-scaled.jpeg?fit=900%2C1200&ssl=1&resize=350%2C200","width":350,"height":200},"classes":[]}],"_links":{"self":[{"href":"https:\/\/www.cindylingerie.com.ar\/index.php\/wp-json\/wp\/v2\/product\/5704"}],"collection":[{"href":"https:\/\/www.cindylingerie.com.ar\/index.php\/wp-json\/wp\/v2\/product"}],"about":[{"href":"https:\/\/www.cindylingerie.com.ar\/index.php\/wp-json\/wp\/v2\/types\/product"}],"replies":[{"embeddable":true,"href":"https:\/\/www.cindylingerie.com.ar\/index.php\/wp-json\/wp\/v2\/comments?post=5704"}],"wp:featuredmedia":[{"embeddable":true,"href":"https:\/\/www.cindylingerie.com.ar\/index.php\/wp-json\/wp\/v2\/media\/5750"}],"wp:attachment":[{"href":"https:\/\/www.cindylingerie.com.ar\/index.php\/wp-json\/wp\/v2\/media?parent=5704"}],"wp:term":[{"taxonomy":"product_cat","embeddable":true,"href":"https:\/\/www.cindylingerie.com.ar\/index.php\/wp-json\/wp\/v2\/product_cat?post=5704"},{"taxonomy":"product_tag","embeddable":true,"href":"https:\/\/www.cindylingerie.com.ar\/index.php\/wp-json\/wp\/v2\/product_tag?post=5704"}],"curies":[{"name":"wp","href":"https:\/\/api.w.org\/{rel}","templated":true}]}}