{"id":5799,"date":"2026-02-10T11:45:03","date_gmt":"2026-02-10T14:45:03","guid":{"rendered":"https:\/\/www.cindylingerie.com.ar\/?post_type=product&#038;p=5799"},"modified":"2026-03-23T09:23:23","modified_gmt":"2026-03-23T12:23:23","slug":"pijama-lola","status":"publish","type":"product","link":"https:\/\/www.cindylingerie.com.ar\/index.php\/producto\/pijama-lola\/","title":{"rendered":"Pijama Lola"},"content":{"rendered":"","protected":false},"excerpt":{"rendered":"","protected":false},"featured_media":5789,"comment_status":"open","ping_status":"closed","template":"","meta":{"_et_pb_use_builder":"","_et_pb_old_content":"","_et_gb_content_width":"","spay_email":"","jetpack_publicize_message":"","jetpack_is_tweetstorm":false,"jetpack_publicize_feature_enabled":true},"product_cat":[34,96],"product_tag":[],"jetpack-related-posts":[{"id":2518,"url":"https:\/\/www.cindylingerie.com.ar\/index.php\/producto\/pijama-ambar\/","url_meta":{"origin":5799,"position":0},"title":"Pijama \u00c1mbar","date":"18 febrero, 2026","format":false,"excerpt":"Comfort y Estilo: Pijama \u00c1mbar Texturado para Noches Inolvidables \u00bfBuscas un pijama que combine la m\u00e1xima comodidad con un dise\u00f1o elegante? Nuestro Pijama \u00c1mbar Texturado te envuelve en suavidad y estilo, haciendo que cada noche sea una experiencia especial. Ideal para relajarte despu\u00e9s de un largo d\u00eda o para disfrutar\u2026","rel":"","context":"Entrada similar","img":{"alt_text":"","src":"https:\/\/i0.wp.com\/www.cindylingerie.com.ar\/wp-content\/uploads\/2023\/01\/IMG_5912-scaled.jpeg?fit=900%2C1200&ssl=1&resize=350%2C200","width":350,"height":200},"classes":[]},{"id":4871,"url":"https:\/\/www.cindylingerie.com.ar\/index.php\/producto\/pijama-cala\/","url_meta":{"origin":5799,"position":1},"title":"Pijama Cala","date":"23 octubre, 2025","format":false,"excerpt":"Pijama de sat\u00e9n suave y elegante Si est\u00e1s buscando sentirte c\u00f3moda y segura este es el pijama ideal para tus noches en casa o de vacaciones. Nuestro pijama Cala ofrece comodidad, elegancia y sensualidad gracias a su dise\u00f1o en una tela suave y c\u00f3moda. - Tela de sat\u00e9n suave y\u2026","rel":"","context":"Entrada similar","img":{"alt_text":"","src":"https:\/\/i0.wp.com\/www.cindylingerie.com.ar\/wp-content\/uploads\/2025\/01\/Tezza-5245-scaled.jpeg?fit=919%2C1200&ssl=1&resize=350%2C200","width":350,"height":200},"classes":[]},{"id":5782,"url":"https:\/\/www.cindylingerie.com.ar\/index.php\/producto\/pijama-gabriela\/","url_meta":{"origin":5799,"position":2},"title":"Pijama Gabriela","date":"2 marzo, 2026","format":false,"excerpt":"","rel":"","context":"Entrada similar","img":{"alt_text":"","src":"https:\/\/i0.wp.com\/www.cindylingerie.com.ar\/wp-content\/uploads\/2025\/10\/Tezza-8785-scaled.jpeg?fit=900%2C1200&ssl=1&resize=350%2C200","width":350,"height":200},"classes":[]},{"id":6260,"url":"https:\/\/www.cindylingerie.com.ar\/index.php\/producto\/pijama-aida\/","url_meta":{"origin":5799,"position":3},"title":"Pijama Aida","date":"2 febrero, 2026","format":false,"excerpt":"","rel":"","context":"Entrada similar","img":{"alt_text":"","src":"https:\/\/i0.wp.com\/www.cindylingerie.com.ar\/wp-content\/uploads\/2026\/03\/IMG_6283-scaled.jpeg?fit=900%2C1200&ssl=1&resize=350%2C200","width":350,"height":200},"classes":[]}],"_links":{"self":[{"href":"https:\/\/www.cindylingerie.com.ar\/index.php\/wp-json\/wp\/v2\/product\/5799"}],"collection":[{"href":"https:\/\/www.cindylingerie.com.ar\/index.php\/wp-json\/wp\/v2\/product"}],"about":[{"href":"https:\/\/www.cindylingerie.com.ar\/index.php\/wp-json\/wp\/v2\/types\/product"}],"replies":[{"embeddable":true,"href":"https:\/\/www.cindylingerie.com.ar\/index.php\/wp-json\/wp\/v2\/comments?post=5799"}],"wp:featuredmedia":[{"embeddable":true,"href":"https:\/\/www.cindylingerie.com.ar\/index.php\/wp-json\/wp\/v2\/media\/5789"}],"wp:attachment":[{"href":"https:\/\/www.cindylingerie.com.ar\/index.php\/wp-json\/wp\/v2\/media?parent=5799"}],"wp:term":[{"taxonomy":"product_cat","embeddable":true,"href":"https:\/\/www.cindylingerie.com.ar\/index.php\/wp-json\/wp\/v2\/product_cat?post=5799"},{"taxonomy":"product_tag","embeddable":true,"href":"https:\/\/www.cindylingerie.com.ar\/index.php\/wp-json\/wp\/v2\/product_tag?post=5799"}],"curies":[{"name":"wp","href":"https:\/\/api.w.org\/{rel}","templated":true}]}}