{"id":5903,"date":"2025-12-08T21:17:40","date_gmt":"2025-12-09T00:17:40","guid":{"rendered":"https:\/\/www.cindylingerie.com.ar\/?post_type=product&#038;p=5903"},"modified":"2025-12-08T21:17:40","modified_gmt":"2025-12-09T00:17:40","slug":"less-puntilla","status":"publish","type":"product","link":"https:\/\/www.cindylingerie.com.ar\/index.php\/producto\/less-puntilla\/","title":{"rendered":"Less Puntilla"},"content":{"rendered":"","protected":false},"excerpt":{"rendered":"","protected":false},"featured_media":5904,"comment_status":"open","ping_status":"closed","template":"","meta":{"_et_pb_use_builder":"","_et_pb_old_content":"","_et_gb_content_width":"","spay_email":"","jetpack_publicize_message":"","jetpack_is_tweetstorm":false,"jetpack_publicize_feature_enabled":true},"product_cat":[34,106],"product_tag":[],"jetpack-related-posts":[{"id":4381,"url":"https:\/\/www.cindylingerie.com.ar\/index.php\/producto\/set-paulette\/","url_meta":{"origin":5903,"position":0},"title":"Set Paulette","date":"15 febrero, 2026","format":false,"excerpt":"Encanto Sutil: Conjunto de Lencer\u00eda en Puntilla con Corpi\u00f1o Tri\u00e1ngulo y Culotte Less \u00bfQuieres que tu lencer\u00eda no solo sea hermosa, sino tambi\u00e9n c\u00f3moda y favorecedora? Este conjunto en puntilla, con su corpi\u00f1o tri\u00e1ngulo y culotte less, est\u00e1 dise\u00f1ado para realzar tu figura con elegancia y proporcionar un ajuste que\u2026","rel":"","context":"Entrada similar","img":{"alt_text":"","src":"https:\/\/i0.wp.com\/www.cindylingerie.com.ar\/wp-content\/uploads\/2025\/03\/Tezza-0937-scaled.jpeg?fit=900%2C1200&ssl=1&resize=350%2C200","width":350,"height":200},"classes":[]},{"id":3105,"url":"https:\/\/www.cindylingerie.com.ar\/index.php\/producto\/carlota\/","url_meta":{"origin":5903,"position":1},"title":"Set Carlota","date":"8 marzo, 2024","format":false,"excerpt":"Conjunto en puntilla elastizada, bombi less regulable con doble tira en laterales.","rel":"","context":"Entrada similar","img":{"alt_text":"","src":"https:\/\/i0.wp.com\/www.cindylingerie.com.ar\/wp-content\/uploads\/2023\/06\/Tezza-5557-scaled.jpeg?fit=895%2C1200&ssl=1&resize=350%2C200","width":350,"height":200},"classes":[]},{"id":6252,"url":"https:\/\/www.cindylingerie.com.ar\/index.php\/producto\/pack-annelise\/","url_meta":{"origin":5903,"position":2},"title":"Pack Annelise","date":"27 febrero, 2026","format":false,"excerpt":"Pack por 3 less regulables en puntilla y algod\u00f3n.","rel":"","context":"Entrada similar","img":{"alt_text":"","src":"https:\/\/i0.wp.com\/www.cindylingerie.com.ar\/wp-content\/uploads\/2026\/02\/IMG_6039-scaled.jpeg?fit=900%2C1200&ssl=1&resize=350%2C200","width":350,"height":200},"classes":[]},{"id":2788,"url":"https:\/\/www.cindylingerie.com.ar\/index.php\/producto\/pack-classic\/","url_meta":{"origin":5903,"position":3},"title":"Pack Classic x3","date":"14 febrero, 2026","format":false,"excerpt":"Pack x 3 vedetinas less. En puntilla forradas por delante en algod\u00f3n. Suaves, delicadas y c\u00f3modas.","rel":"","context":"Entrada similar","img":{"alt_text":"","src":"https:\/\/i0.wp.com\/www.cindylingerie.com.ar\/wp-content\/uploads\/2025\/10\/IMG_5932-scaled.jpeg?fit=900%2C1200&ssl=1&resize=350%2C200","width":350,"height":200},"classes":[]},{"id":1106,"url":"https:\/\/www.cindylingerie.com.ar\/index.php\/producto\/set-sienna\/","url_meta":{"origin":5903,"position":4},"title":"Set Sienna","date":"13 marzo, 2026","format":false,"excerpt":"Conjunto taza soft tri\u00e1ngulo en una suave puntilla elastizada, bombi less regulable. C\u00f3modo delicado y sexy. \u00a0","rel":"","context":"Entrada similar","img":{"alt_text":"","src":"https:\/\/i0.wp.com\/www.cindylingerie.com.ar\/wp-content\/uploads\/2022\/01\/Tezza-8505-scaled.jpeg?fit=900%2C1200&ssl=1&resize=350%2C200","width":350,"height":200},"classes":[]},{"id":3848,"url":"https:\/\/www.cindylingerie.com.ar\/index.php\/producto\/set-jazmin\/","url_meta":{"origin":5903,"position":5},"title":"Set Jazm\u00edn","date":"5 diciembre, 2025","format":false,"excerpt":"Conjunto en puntilla elastizada con arco push up, forrado en algod\u00f3n. Bombi less regulable. C\u00f3modo y sexy como todas nuestras prendas.","rel":"","context":"Entrada similar","img":{"alt_text":"","src":"https:\/\/i0.wp.com\/www.cindylingerie.com.ar\/wp-content\/uploads\/2024\/02\/FullSizeRender_VSCO-1-scaled.jpeg?fit=848%2C1200&ssl=1&resize=350%2C200","width":350,"height":200},"classes":[]}],"_links":{"self":[{"href":"https:\/\/www.cindylingerie.com.ar\/index.php\/wp-json\/wp\/v2\/product\/5903"}],"collection":[{"href":"https:\/\/www.cindylingerie.com.ar\/index.php\/wp-json\/wp\/v2\/product"}],"about":[{"href":"https:\/\/www.cindylingerie.com.ar\/index.php\/wp-json\/wp\/v2\/types\/product"}],"replies":[{"embeddable":true,"href":"https:\/\/www.cindylingerie.com.ar\/index.php\/wp-json\/wp\/v2\/comments?post=5903"}],"wp:featuredmedia":[{"embeddable":true,"href":"https:\/\/www.cindylingerie.com.ar\/index.php\/wp-json\/wp\/v2\/media\/5904"}],"wp:attachment":[{"href":"https:\/\/www.cindylingerie.com.ar\/index.php\/wp-json\/wp\/v2\/media?parent=5903"}],"wp:term":[{"taxonomy":"product_cat","embeddable":true,"href":"https:\/\/www.cindylingerie.com.ar\/index.php\/wp-json\/wp\/v2\/product_cat?post=5903"},{"taxonomy":"product_tag","embeddable":true,"href":"https:\/\/www.cindylingerie.com.ar\/index.php\/wp-json\/wp\/v2\/product_tag?post=5903"}],"curies":[{"name":"wp","href":"https:\/\/api.w.org\/{rel}","templated":true}]}}