{"id":6269,"date":"2026-02-17T09:52:12","date_gmt":"2026-02-17T12:52:12","guid":{"rendered":"https:\/\/www.cindylingerie.com.ar\/?post_type=product&#038;p=6269"},"modified":"2026-04-07T20:40:50","modified_gmt":"2026-04-07T23:40:50","slug":"pack-elisa","status":"publish","type":"product","link":"https:\/\/www.cindylingerie.com.ar\/index.php\/producto\/pack-elisa\/","title":{"rendered":"Pack Elisa x2"},"content":{"rendered":"","protected":false},"excerpt":{"rendered":"","protected":false},"featured_media":6270,"comment_status":"open","ping_status":"closed","template":"","meta":{"_et_pb_use_builder":"","_et_pb_old_content":"","_et_gb_content_width":"","spay_email":"","jetpack_publicize_message":"","jetpack_is_tweetstorm":false,"jetpack_publicize_feature_enabled":true},"product_cat":[34,106],"product_tag":[],"jetpack-related-posts":[{"id":6252,"url":"https:\/\/www.cindylingerie.com.ar\/index.php\/producto\/pack-annelise\/","url_meta":{"origin":6269,"position":0},"title":"Pack Annelise","date":"27 febrero, 2026","format":false,"excerpt":"Pack por 3 less regulables en puntilla y algod\u00f3n.","rel":"","context":"Entrada similar","img":{"alt_text":"","src":"https:\/\/i0.wp.com\/www.cindylingerie.com.ar\/wp-content\/uploads\/2026\/02\/IMG_6039-scaled.jpeg?fit=900%2C1200&ssl=1&resize=350%2C200","width":350,"height":200},"classes":[]},{"id":5738,"url":"https:\/\/www.cindylingerie.com.ar\/index.php\/producto\/pack-comfy\/","url_meta":{"origin":6269,"position":1},"title":"Pack Comfy","date":"13 octubre, 2025","format":false,"excerpt":"Pack x 3 less regulables en algod\u00f3n con lycra. Cl\u00e1sicas con toda la onda dise\u00f1adas para acompa\u00f1arte todos los d\u00edas.","rel":"","context":"Entrada similar","img":{"alt_text":"","src":"https:\/\/i0.wp.com\/www.cindylingerie.com.ar\/wp-content\/uploads\/2025\/10\/Tezza-7854-scaled.jpeg?fit=900%2C1200&ssl=1&resize=350%2C200","width":350,"height":200},"classes":[]},{"id":2788,"url":"https:\/\/www.cindylingerie.com.ar\/index.php\/producto\/pack-classic\/","url_meta":{"origin":6269,"position":2},"title":"Pack Classic x3","date":"14 febrero, 2026","format":false,"excerpt":"Pack x 3 vedetinas less. En puntilla forradas por delante en algod\u00f3n. Suaves, delicadas y c\u00f3modas.","rel":"","context":"Entrada similar","img":{"alt_text":"","src":"https:\/\/i0.wp.com\/www.cindylingerie.com.ar\/wp-content\/uploads\/2025\/10\/IMG_5932-scaled.jpeg?fit=900%2C1200&ssl=1&resize=350%2C200","width":350,"height":200},"classes":[]},{"id":5753,"url":"https:\/\/www.cindylingerie.com.ar\/index.php\/producto\/pack-morena\/","url_meta":{"origin":6269,"position":3},"title":"Pack Morena x3","date":"14 marzo, 2026","format":false,"excerpt":"Pack x 3 regulables en puntilla con refuerzo de algod\u00f3n en zona \u00edntima. Color blanca, negra y beige.","rel":"","context":"Entrada similar","img":{"alt_text":"","src":"https:\/\/i0.wp.com\/www.cindylingerie.com.ar\/wp-content\/uploads\/2025\/10\/IMG_5882-scaled.jpeg?fit=900%2C1200&ssl=1&resize=350%2C200","width":350,"height":200},"classes":[]},{"id":5857,"url":"https:\/\/www.cindylingerie.com.ar\/index.php\/producto\/pack-dreams\/","url_meta":{"origin":6269,"position":4},"title":"Pack Dreams","date":"11 noviembre, 2025","format":false,"excerpt":"Tr\u00edo de texturas para acompa\u00f1arte todos los d\u00edas! Algod\u00f3n, Morley y Puntilla. Less regulables c\u00f3modas, lindas y delicadas Edici\u00f3n LIMITADA. Reserva tu pack y RENOVATE!","rel":"","context":"Entrada similar","img":{"alt_text":"","src":"https:\/\/i0.wp.com\/www.cindylingerie.com.ar\/wp-content\/uploads\/2025\/11\/Tezza-3039-scaled.jpeg?fit=900%2C1200&ssl=1&resize=350%2C200","width":350,"height":200},"classes":[]},{"id":4008,"url":"https:\/\/www.cindylingerie.com.ar\/index.php\/producto\/pack-morley-x3\/","url_meta":{"origin":6269,"position":5},"title":"Pack Morley x3","date":"25 febrero, 2026","format":false,"excerpt":"Pack Morley Tus tres nuevas aliadas para acompa\u00f1arte donde sea que vayas. Regulables en g\u00e9nero Morley. Se caracterizan por se las m\u00e1s c\u00f3modas, lindas y cancheras para todos los d\u00edas. En colores beige, blanca y negra. Infaltables en tu caj\u00f3n! Edici\u00f3n LIMITADA Una vez que se agotan no vuelven a\u2026","rel":"","context":"Entrada similar","img":{"alt_text":"","src":"https:\/\/i0.wp.com\/www.cindylingerie.com.ar\/wp-content\/uploads\/2026\/02\/IMG_8466-scaled.jpeg?fit=900%2C1200&ssl=1&resize=350%2C200","width":350,"height":200},"classes":[]}],"_links":{"self":[{"href":"https:\/\/www.cindylingerie.com.ar\/index.php\/wp-json\/wp\/v2\/product\/6269"}],"collection":[{"href":"https:\/\/www.cindylingerie.com.ar\/index.php\/wp-json\/wp\/v2\/product"}],"about":[{"href":"https:\/\/www.cindylingerie.com.ar\/index.php\/wp-json\/wp\/v2\/types\/product"}],"replies":[{"embeddable":true,"href":"https:\/\/www.cindylingerie.com.ar\/index.php\/wp-json\/wp\/v2\/comments?post=6269"}],"wp:featuredmedia":[{"embeddable":true,"href":"https:\/\/www.cindylingerie.com.ar\/index.php\/wp-json\/wp\/v2\/media\/6270"}],"wp:attachment":[{"href":"https:\/\/www.cindylingerie.com.ar\/index.php\/wp-json\/wp\/v2\/media?parent=6269"}],"wp:term":[{"taxonomy":"product_cat","embeddable":true,"href":"https:\/\/www.cindylingerie.com.ar\/index.php\/wp-json\/wp\/v2\/product_cat?post=6269"},{"taxonomy":"product_tag","embeddable":true,"href":"https:\/\/www.cindylingerie.com.ar\/index.php\/wp-json\/wp\/v2\/product_tag?post=6269"}],"curies":[{"name":"wp","href":"https:\/\/api.w.org\/{rel}","templated":true}]}}