{"id":6366,"date":"2026-04-06T15:48:52","date_gmt":"2026-04-06T18:48:52","guid":{"rendered":"https:\/\/www.cindylingerie.com.ar\/?post_type=product&#038;p=6366"},"modified":"2026-04-06T15:48:52","modified_gmt":"2026-04-06T18:48:52","slug":"set-alessia","status":"publish","type":"product","link":"https:\/\/www.cindylingerie.com.ar\/index.php\/producto\/set-alessia\/","title":{"rendered":"Set Alessia"},"content":{"rendered":"","protected":false},"excerpt":{"rendered":"","protected":false},"featured_media":6367,"comment_status":"open","ping_status":"closed","template":"","meta":{"_et_pb_use_builder":"","_et_pb_old_content":"","_et_gb_content_width":"","spay_email":"","jetpack_publicize_message":"","jetpack_is_tweetstorm":false,"jetpack_publicize_feature_enabled":true},"product_cat":[68,34],"product_tag":[],"jetpack-related-posts":[{"id":3298,"url":"https:\/\/www.cindylingerie.com.ar\/index.php\/producto\/set-blanca\/","url_meta":{"origin":6366,"position":0},"title":"Set Blanca","date":"18 agosto, 2025","format":false,"excerpt":"Un set primaveral para que lleves junto a tus outfits. Un set fresco, c\u00f3modo y delicado. Color blanco forrado en un tono durazno.","rel":"","context":"Entrada similar","img":{"alt_text":"","src":"https:\/\/i0.wp.com\/www.cindylingerie.com.ar\/wp-content\/uploads\/2025\/05\/IMG_5216-scaled.jpeg?fit=900%2C1200&ssl=1&resize=350%2C200","width":350,"height":200},"classes":[]},{"id":5656,"url":"https:\/\/www.cindylingerie.com.ar\/index.php\/producto\/set-constanza\/","url_meta":{"origin":6366,"position":1},"title":"Set Constanza","date":"20 febrero, 2026","format":false,"excerpt":"Cada detalle de este set est\u00e1 dise\u00f1ado para realzar tu belleza natural. Confeccionado en algod\u00f3n con lycra con detalles delicados en puntilla para que te sientas segura y radiante. Acompa\u00f1ado de su less regulable.","rel":"","context":"Entrada similar","img":{"alt_text":"","src":"https:\/\/i0.wp.com\/www.cindylingerie.com.ar\/wp-content\/uploads\/2025\/09\/IMG_5921-scaled.jpeg?fit=900%2C1200&ssl=1&resize=350%2C200","width":350,"height":200},"classes":[]},{"id":5113,"url":"https:\/\/www.cindylingerie.com.ar\/index.php\/producto\/set-aurora\/","url_meta":{"origin":6366,"position":2},"title":"Set Aurora","date":"29 marzo, 2023","format":false,"excerpt":"Nuestro set Aurora confeccionado en puntilla elastizada color azul francia es ligero y c\u00f3modo, perfecto para llevar todos los d\u00edas. Un dise\u00f1o cl\u00e1sico y elegante para cualquier ocasi\u00f3n, ya sea para un d\u00eda especial o para un regalo rom\u00e1ntico.","rel":"","context":"Entrada similar","img":{"alt_text":"","src":"https:\/\/i0.wp.com\/www.cindylingerie.com.ar\/wp-content\/uploads\/2025\/03\/IMG_0437-scaled.jpeg?fit=900%2C1200&ssl=1&resize=350%2C200","width":350,"height":200},"classes":[]},{"id":5716,"url":"https:\/\/www.cindylingerie.com.ar\/index.php\/producto\/set-raquel\/","url_meta":{"origin":6366,"position":3},"title":"Set Raquel","date":"15 octubre, 2025","format":false,"excerpt":"","rel":"","context":"Entrada similar","img":{"alt_text":"","src":"https:\/\/i0.wp.com\/www.cindylingerie.com.ar\/wp-content\/uploads\/2025\/10\/IMG_9690-scaled.jpeg?fit=900%2C1200&ssl=1&resize=350%2C200","width":350,"height":200},"classes":[]},{"id":6155,"url":"https:\/\/www.cindylingerie.com.ar\/index.php\/producto\/set-caterina\/","url_meta":{"origin":6366,"position":4},"title":"Set Caterina","date":"20 febrero, 2026","format":false,"excerpt":"","rel":"","context":"Entrada similar","img":{"alt_text":"","src":"https:\/\/i0.wp.com\/www.cindylingerie.com.ar\/wp-content\/uploads\/2026\/02\/IMG_5888-scaled.jpeg?fit=900%2C1200&ssl=1&resize=350%2C200","width":350,"height":200},"classes":[]},{"id":6296,"url":"https:\/\/www.cindylingerie.com.ar\/index.php\/producto\/set-margot\/","url_meta":{"origin":6366,"position":5},"title":"Set Margot","date":"27 marzo, 2026","format":false,"excerpt":"","rel":"","context":"Entrada similar","img":{"alt_text":"","src":"https:\/\/i0.wp.com\/www.cindylingerie.com.ar\/wp-content\/uploads\/2026\/03\/IMG_8571-scaled.jpeg?fit=900%2C1200&ssl=1&resize=350%2C200","width":350,"height":200},"classes":[]}],"_links":{"self":[{"href":"https:\/\/www.cindylingerie.com.ar\/index.php\/wp-json\/wp\/v2\/product\/6366"}],"collection":[{"href":"https:\/\/www.cindylingerie.com.ar\/index.php\/wp-json\/wp\/v2\/product"}],"about":[{"href":"https:\/\/www.cindylingerie.com.ar\/index.php\/wp-json\/wp\/v2\/types\/product"}],"replies":[{"embeddable":true,"href":"https:\/\/www.cindylingerie.com.ar\/index.php\/wp-json\/wp\/v2\/comments?post=6366"}],"wp:featuredmedia":[{"embeddable":true,"href":"https:\/\/www.cindylingerie.com.ar\/index.php\/wp-json\/wp\/v2\/media\/6367"}],"wp:attachment":[{"href":"https:\/\/www.cindylingerie.com.ar\/index.php\/wp-json\/wp\/v2\/media?parent=6366"}],"wp:term":[{"taxonomy":"product_cat","embeddable":true,"href":"https:\/\/www.cindylingerie.com.ar\/index.php\/wp-json\/wp\/v2\/product_cat?post=6366"},{"taxonomy":"product_tag","embeddable":true,"href":"https:\/\/www.cindylingerie.com.ar\/index.php\/wp-json\/wp\/v2\/product_tag?post=6366"}],"curies":[{"name":"wp","href":"https:\/\/api.w.org\/{rel}","templated":true}]}}